{"id":2068,"date":"2023-05-01T15:11:31","date_gmt":"2023-05-01T15:11:31","guid":{"rendered":"https:\/\/removalagency.com\/kunskap\/relaterade-sokningar-sa-kan-de-andras-eller-tas-bort\/"},"modified":"2023-05-08T12:01:38","modified_gmt":"2023-05-08T12:01:38","slug":"relaterade-sokningar-sa-kan-de-andras-eller-tas-bort","status":"publish","type":"page","link":"https:\/\/removalagency.com\/sv\/kunskap\/relaterade-sokningar-sa-kan-de-andras-eller-tas-bort\/","title":{"rendered":"Relaterade s\u00f6kningar: S\u00e5 kan de \u00e4ndras eller tas bort"},"content":{"rendered":"\t\t<div data-elementor-type=\"wp-page\" data-elementor-id=\"2068\" class=\"elementor elementor-2068 elementor-1879\">\n\t\t\t\t\t\t<section class=\"elementor-section elementor-top-section elementor-element elementor-element-5afa2ae6 elementor-section-boxed elementor-section-height-default elementor-section-height-default\" data-id=\"5afa2ae6\" data-element_type=\"section\" data-e-type=\"section\" data-settings=\"{&quot;background_background&quot;:&quot;classic&quot;}\">\n\t\t\t\t\t\t<div class=\"elementor-container elementor-column-gap-no\">\n\t\t\t\t\t<div class=\"elementor-column elementor-col-100 elementor-top-column elementor-element elementor-element-1a74b05b\" data-id=\"1a74b05b\" data-element_type=\"column\" data-e-type=\"column\">\n\t\t\t<div class=\"elementor-widget-wrap elementor-element-populated\">\n\t\t\t\t\t\t<section class=\"elementor-section elementor-inner-section elementor-element elementor-element-18c3008d elementor-section-boxed elementor-section-height-default elementor-section-height-default\" data-id=\"18c3008d\" data-element_type=\"section\" data-e-type=\"section\">\n\t\t\t\t\t\t<div class=\"elementor-container elementor-column-gap-no\">\n\t\t\t\t\t<div class=\"elementor-column elementor-col-50 elementor-inner-column elementor-element elementor-element-1557a513\" data-id=\"1557a513\" data-element_type=\"column\" data-e-type=\"column\">\n\t\t\t<div class=\"elementor-widget-wrap elementor-element-populated\">\n\t\t\t\t\t\t<div class=\"elementor-element elementor-element-2f07bd28 elementor-widget elementor-widget-image\" data-id=\"2f07bd28\" data-element_type=\"widget\" data-e-type=\"widget\" data-widget_type=\"image.default\">\n\t\t\t\t<div class=\"elementor-widget-container\">\n\t\t\t\t\t\t\t\t\t\t\t\t\t\t\t<img fetchpriority=\"high\" decoding=\"async\" width=\"600\" height=\"587\" src=\"https:\/\/removalagency.com\/wp-content\/uploads\/2023\/05\/related-searches.jpg\" class=\"attachment-large size-large wp-image-1885\" alt=\"\" srcset=\"https:\/\/removalagency.com\/wp-content\/uploads\/2023\/05\/related-searches.jpg 600w, https:\/\/removalagency.com\/wp-content\/uploads\/2023\/05\/related-searches-300x294.jpg 300w\" sizes=\"(max-width: 600px) 100vw, 600px\" \/>\t\t\t\t\t\t\t\t\t\t\t\t\t\t\t<\/div>\n\t\t\t\t<\/div>\n\t\t\t\t\t<\/div>\n\t\t<\/div>\n\t\t\t\t<div class=\"elementor-column elementor-col-50 elementor-inner-column elementor-element elementor-element-20089e6\" data-id=\"20089e6\" data-element_type=\"column\" data-e-type=\"column\">\n\t\t\t<div class=\"elementor-widget-wrap elementor-element-populated\">\n\t\t\t\t\t\t<div class=\"elementor-element elementor-element-315fdb08 elementor-widget elementor-widget-heading\" data-id=\"315fdb08\" data-element_type=\"widget\" data-e-type=\"widget\" data-widget_type=\"heading.default\">\n\t\t\t\t<div class=\"elementor-widget-container\">\n\t\t\t\t\t<h1 class=\"elementor-heading-title elementor-size-default\">Relaterade s\u00f6kningar: S\u00e5 kan de \u00e4ndras eller tas bort<\/h1>\t\t\t\t<\/div>\n\t\t\t\t<\/div>\n\t\t\t\t<div class=\"elementor-element elementor-element-90e7050 elementor-widget elementor-widget-text-editor\" data-id=\"90e7050\" data-element_type=\"widget\" data-e-type=\"widget\" data-widget_type=\"text-editor.default\">\n\t\t\t\t<div class=\"elementor-widget-container\">\n\t\t\t\t\t\t\t\t\t<p>N\u00e4r du s\u00f6ker p\u00e5 en s\u00f6kmotor har du f\u00f6rmodligen lagt m\u00e4rke till att en lista \u00f6ver &#8221;relaterade s\u00f6kningar&#8221; visas l\u00e4ngst ned p\u00e5 sidan. Dessa relaterade s\u00f6kningar \u00e4r baserade p\u00e5 den ursprungliga s\u00f6kningen, popul\u00e4ra s\u00f6kningar och inneh\u00e5ll i s\u00f6kmotorns index som kan vara anv\u00e4ndbara i en forskning om ett \u00e4mne. H\u00e4r kan det visas synonymer, specifikationer och relaterade \u00e4mnen till den specifika s\u00f6kningen. Funktionen fungerar som en hj\u00e4lp f\u00f6r enskilda anv\u00e4ndare som vill veta \u00e4nnu mer om samma \u00e4mne.<\/p>\n<p>Men \u00e4ven om det kan vara en hj\u00e4lp och vara till stor nytta f\u00f6r vissa anv\u00e4ndare, kan det f\u00f6r andra vara direkt skadligt om det r\u00f6r sig om s\u00f6kf\u00f6rslag med on\u00f6dig negativ ton.<\/p>\n\t\t\t\t\t\t\t\t<\/div>\n\t\t\t\t<\/div>\n\t\t\t\t<div class=\"elementor-element elementor-element-7aa664b6 elementor-widget elementor-widget-button\" data-id=\"7aa664b6\" data-element_type=\"widget\" data-e-type=\"widget\" data-widget_type=\"button.default\">\n\t\t\t\t<div class=\"elementor-widget-container\">\n\t\t\t\t\t\t\t\t\t<div class=\"elementor-button-wrapper\">\n\t\t\t\t\t<a class=\"elementor-button elementor-button-link elementor-size-md\" href=\"#cta\">\n\t\t\t\t\t\t<span class=\"elementor-button-content-wrapper\">\n\t\t\t\t\t\t\t\t\t<span class=\"elementor-button-text\">F\u00e5 en icke-bindande offert<\/span>\n\t\t\t\t\t<\/span>\n\t\t\t\t\t<\/a>\n\t\t\t\t<\/div>\n\t\t\t\t\t\t\t\t<\/div>\n\t\t\t\t<\/div>\n\t\t\t\t\t<\/div>\n\t\t<\/div>\n\t\t\t\t\t<\/div>\n\t\t<\/section>\n\t\t\t\t\t<\/div>\n\t\t<\/div>\n\t\t\t\t\t<\/div>\n\t\t<\/section>\n\t\t\t\t<section class=\"elementor-section elementor-top-section elementor-element elementor-element-25945cad elementor-section-boxed elementor-section-height-default elementor-section-height-default\" data-id=\"25945cad\" data-element_type=\"section\" data-e-type=\"section\" data-settings=\"{&quot;background_background&quot;:&quot;classic&quot;}\">\n\t\t\t\t\t\t<div class=\"elementor-container elementor-column-gap-no\">\n\t\t\t\t\t<div class=\"elementor-column elementor-col-100 elementor-top-column elementor-element elementor-element-66060e2\" data-id=\"66060e2\" data-element_type=\"column\" data-e-type=\"column\">\n\t\t\t<div class=\"elementor-widget-wrap elementor-element-populated\">\n\t\t\t\t\t\t<div class=\"elementor-element elementor-element-59de3972 elementor-widget elementor-widget-text-editor\" data-id=\"59de3972\" data-element_type=\"widget\" data-e-type=\"widget\" data-widget_type=\"text-editor.default\">\n\t\t\t\t<div class=\"elementor-widget-container\">\n\t\t\t\t\t\t\t\t\t<h2>Konsekvenserna av negativa kopplingar i relaterade s\u00f6kningar<\/h2>\n<p>F\u00f6retags och enskilda personers n\u00e4rvaro p\u00e5 n\u00e4tet \u00e4r oerh\u00f6rt viktig. Vi &#8221;googlar&#8221; som aldrig f\u00f6rr, och det som visas i s\u00f6kmotorerna har stor inverkan p\u00e5 m\u00e4nniskors val &#8211; oavsett om det handlar om ett m\u00f6jligt k\u00f6p, anst\u00e4llning, samarbete eller personligt f\u00f6rh\u00e5llande.<\/p>\n<p>Som f\u00f6retag och privatperson \u00e4r det d\u00e4rf\u00f6r viktigt att vara medveten om vad som visas under relaterade s\u00f6kningar n\u00e4r man s\u00f6ker p\u00e5 ditt namn eller f\u00f6retagets varum\u00e4rke. Om det dyker upp f\u00f6rslag som kopplar ditt f\u00f6retag eller ditt namn med d\u00e5ligt omd\u00f6me, skandaler, r\u00e4ttsfall eller andra negativa h\u00e4ndelser kan det g\u00f6ra stor skada. Om du har identifierat negativa relaterade s\u00f6kningar som dyker upp n\u00e4r du s\u00f6ker p\u00e5 ditt namn eller ditt f\u00f6retag \u00e4r det d\u00e4rf\u00f6r viktigt att agera snabbt f\u00f6r att skydda ditt rykte.<\/p>\n<h2>Ta bort negativa relaterade s\u00f6kningar<\/h2>\n<p>F\u00f6r att ta bort de negativa relaterade s\u00f6kningarna fr\u00e5n s\u00f6kmotorerna kr\u00e4vs ofta professionell hj\u00e4lp fr\u00e5n ett online reputation management-byr\u00e5 med specialisering p\u00e5 online-n\u00e4rvaro. Det kr\u00e4ver n\u00e4mligen vanligtvis specialiserad kunskap om s\u00f6kmotorers algoritmer f\u00f6r att bli av med negativa relaterade s\u00f6kningar. Om det handlar om inneh\u00e5ll som strider mot s\u00f6kmotorernas inneh\u00e5lls- och produktregler eller bryter mot juridiska standarder kan vem som helst rapportera direkt till Google via <a href=\"https:\/\/support.google.com\/legal\/troubleshooter\/1114905?sjid=7990487269171491239-EU&amp;hl=en-GB#ts=9814647%2C9815053%2C3337372\">denna l\u00e4nk.<\/a> H\u00e4r kommer Google att bed\u00f6ma om inneh\u00e5llet \u00f6vertr\u00e4der lagar, regler eller riktlinjer.<\/p>\n\t\t\t\t\t\t\t\t<\/div>\n\t\t\t\t<\/div>\n\t\t\t\t\t<\/div>\n\t\t<\/div>\n\t\t\t\t\t<\/div>\n\t\t<\/section>\n\t\t\t\t<section class=\"elementor-section elementor-top-section elementor-element elementor-element-4b30f768 elementor-section-boxed elementor-section-height-default elementor-section-height-default\" data-id=\"4b30f768\" data-element_type=\"section\" data-e-type=\"section\" data-settings=\"{&quot;background_background&quot;:&quot;classic&quot;}\">\n\t\t\t\t\t\t\t<div class=\"elementor-background-overlay\"><\/div>\n\t\t\t\t\t\t\t<div class=\"elementor-container elementor-column-gap-no\">\n\t\t\t\t\t<div class=\"elementor-column elementor-col-100 elementor-top-column elementor-element elementor-element-297776d3\" data-id=\"297776d3\" data-element_type=\"column\" data-e-type=\"column\">\n\t\t\t<div class=\"elementor-widget-wrap elementor-element-populated\">\n\t\t\t\t\t\t<div class=\"elementor-element elementor-element-3b760809 elementor-widget elementor-widget-heading\" data-id=\"3b760809\" data-element_type=\"widget\" data-e-type=\"widget\" data-widget_type=\"heading.default\">\n\t\t\t\t<div class=\"elementor-widget-container\">\n\t\t\t\t\t<h3 class=\"elementor-heading-title elementor-size-default\">L\u00e5t Removal Agency ta bort negativa relaterade s\u00f6kningar<\/h3>\t\t\t\t<\/div>\n\t\t\t\t<\/div>\n\t\t\t\t<div class=\"elementor-element elementor-element-61b6e469 elementor-widget elementor-widget-heading\" data-id=\"61b6e469\" data-element_type=\"widget\" data-e-type=\"widget\" data-widget_type=\"heading.default\">\n\t\t\t\t<div class=\"elementor-widget-container\">\n\t\t\t\t\t<p class=\"elementor-heading-title elementor-size-default\">Ta det f\u00f6rsta steget mot en renare online-n\u00e4rvaro genom att kontakta v\u00e5rt team av experter idag.<\/p>\t\t\t\t<\/div>\n\t\t\t\t<\/div>\n\t\t\t\t<div class=\"elementor-element elementor-element-2530a906 elementor-align-center elementor-widget elementor-widget-button\" data-id=\"2530a906\" data-element_type=\"widget\" data-e-type=\"widget\" data-widget_type=\"button.default\">\n\t\t\t\t<div class=\"elementor-widget-container\">\n\t\t\t\t\t\t\t\t\t<div class=\"elementor-button-wrapper\">\n\t\t\t\t\t<a class=\"elementor-button elementor-button-link elementor-size-md\" href=\"#cta\">\n\t\t\t\t\t\t<span class=\"elementor-button-content-wrapper\">\n\t\t\t\t\t\t\t\t\t<span class=\"elementor-button-text\">F\u00e5 en icke-bindande offert<\/span>\n\t\t\t\t\t<\/span>\n\t\t\t\t\t<\/a>\n\t\t\t\t<\/div>\n\t\t\t\t\t\t\t\t<\/div>\n\t\t\t\t<\/div>\n\t\t\t\t\t<\/div>\n\t\t<\/div>\n\t\t\t\t\t<\/div>\n\t\t<\/section>\n\t\t\t\t<section class=\"elementor-section elementor-top-section elementor-element elementor-element-6d9948bd elementor-section-boxed elementor-section-height-default elementor-section-height-default\" data-id=\"6d9948bd\" data-element_type=\"section\" data-e-type=\"section\" data-settings=\"{&quot;background_background&quot;:&quot;classic&quot;}\">\n\t\t\t\t\t\t<div class=\"elementor-container elementor-column-gap-no\">\n\t\t\t\t\t<div class=\"elementor-column elementor-col-100 elementor-top-column elementor-element elementor-element-49efe17f\" data-id=\"49efe17f\" data-element_type=\"column\" data-e-type=\"column\">\n\t\t\t<div class=\"elementor-widget-wrap elementor-element-populated\">\n\t\t\t\t\t\t<div class=\"elementor-element elementor-element-54a19f3d elementor-widget elementor-widget-text-editor\" data-id=\"54a19f3d\" data-element_type=\"widget\" data-e-type=\"widget\" data-widget_type=\"text-editor.default\">\n\t\t\t\t<div class=\"elementor-widget-container\">\n\t\t\t\t\t\t\t\t\t<h2>Varf\u00f6r du b\u00f6r f\u00e5 professionell hj\u00e4lp<\/h2>\n<p>Att ta bort negativa relaterade s\u00f6kningar kan vara en komplex process och kr\u00e4ver vanligtvis professionell hj\u00e4lp fr\u00e5n specialister inom online reputation management f\u00f6r att hantera de negativa visningarna. P\u00e5 Removal Agency anv\u00e4nder vi avancerade tekniker och strategier f\u00f6r att ta bort de negativa kopplingarna och f\u00f6rb\u00e4ttra din online n\u00e4rvaro samt minimera skadeeffekterna av negativa relaterade s\u00f6kningar.<\/p>\n<p>Genom att investera i professionell hj\u00e4lp f\u00f6r att ta bort negativa s\u00f6kf\u00f6rslag under relaterade s\u00f6kningar kan du skydda ditt varum\u00e4rke och ditt rykte och s\u00e4kerst\u00e4lla en mer positiv online n\u00e4rvaro.<\/p>\n<h2>4 sk\u00e4l att f\u00e5 hj\u00e4lp fr\u00e5n Removal Agency<\/h2>\n<ol>\n<li aria-level=\"1\">Professionell hj\u00e4lp fr\u00e5n experter med \u00f6ver 15 \u00e5rs erfarenhet<\/li>\n<li aria-level=\"1\">Snabba resultat<\/li>\n<li aria-level=\"1\">Fullst\u00e4ndig konfidentialitet<\/li>\n<li aria-level=\"1\">Pengarna tillbaka om vi inte levererar f\u00f6rv\u00e4ntade resultat<\/li>\n<\/ol>\n\t\t\t\t\t\t\t\t<\/div>\n\t\t\t\t<\/div>\n\t\t\t\t<div class=\"elementor-element elementor-element-78029fd1 elementor-widget elementor-widget-spacer\" data-id=\"78029fd1\" data-element_type=\"widget\" data-e-type=\"widget\" data-widget_type=\"spacer.default\">\n\t\t\t\t<div class=\"elementor-widget-container\">\n\t\t\t\t\t\t\t<div class=\"elementor-spacer\">\n\t\t\t<div class=\"elementor-spacer-inner\"><\/div>\n\t\t<\/div>\n\t\t\t\t\t\t<\/div>\n\t\t\t\t<\/div>\n\t\t\t\t<div class=\"elementor-element elementor-element-7897e3db elementor-widget elementor-widget-spacer\" data-id=\"7897e3db\" data-element_type=\"widget\" data-e-type=\"widget\" data-widget_type=\"spacer.default\">\n\t\t\t\t<div class=\"elementor-widget-container\">\n\t\t\t\t\t\t\t<div class=\"elementor-spacer\">\n\t\t\t<div class=\"elementor-spacer-inner\"><\/div>\n\t\t<\/div>\n\t\t\t\t\t\t<\/div>\n\t\t\t\t<\/div>\n\t\t\t\t\t<\/div>\n\t\t<\/div>\n\t\t\t\t\t<\/div>\n\t\t<\/section>\n\t\t\t\t<section class=\"elementor-section elementor-top-section elementor-element elementor-element-2ab50a77 elementor-section-content-middle elementor-section-boxed elementor-section-height-default elementor-section-height-default\" data-id=\"2ab50a77\" data-element_type=\"section\" data-e-type=\"section\" id=\"cta\" data-settings=\"{&quot;background_background&quot;:&quot;classic&quot;}\">\n\t\t\t\t\t\t\t<div class=\"elementor-background-overlay\"><\/div>\n\t\t\t\t\t\t\t<div class=\"elementor-container elementor-column-gap-no\">\n\t\t\t\t\t<div class=\"elementor-column elementor-col-100 elementor-top-column elementor-element elementor-element-4a206d01\" data-id=\"4a206d01\" data-element_type=\"column\" data-e-type=\"column\">\n\t\t\t<div class=\"elementor-widget-wrap elementor-element-populated\">\n\t\t\t\t\t\t<div class=\"elementor-element elementor-element-2e8d459c elementor-widget elementor-widget-heading\" data-id=\"2e8d459c\" data-element_type=\"widget\" data-e-type=\"widget\" data-widget_type=\"heading.default\">\n\t\t\t\t<div class=\"elementor-widget-container\">\n\t\t\t\t\t<h3 class=\"elementor-heading-title elementor-size-default\">Fyll i formul\u00e4ret f\u00f6r att p\u00e5b\u00f6rja borttagning av f\u00f6rslag i relaterade s\u00f6kningar<\/h3>\t\t\t\t<\/div>\n\t\t\t\t<\/div>\n\t\t\t\t<div class=\"elementor-element elementor-element-3af17643 elementor-icon-list--layout-inline elementor-align-center elementor-list-item-link-full_width elementor-widget elementor-widget-icon-list\" data-id=\"3af17643\" data-element_type=\"widget\" data-e-type=\"widget\" data-widget_type=\"icon-list.default\">\n\t\t\t\t<div class=\"elementor-widget-container\">\n\t\t\t\t\t\t\t<ul class=\"elementor-icon-list-items elementor-inline-items\">\n\t\t\t\t\t\t\t<li class=\"elementor-icon-list-item elementor-inline-item\">\n\t\t\t\t\t\t\t\t\t\t\t<span class=\"elementor-icon-list-icon\">\n\t\t\t\t\t\t\t<i aria-hidden=\"true\" class=\"fas fa-check\"><\/i>\t\t\t\t\t\t<\/span>\n\t\t\t\t\t\t\t\t\t\t<span class=\"elementor-icon-list-text\">Personlig service p\u00e5 engelska och skandinaviska.<\/span>\n\t\t\t\t\t\t\t\t\t<\/li>\n\t\t\t\t\t\t\t\t<li class=\"elementor-icon-list-item elementor-inline-item\">\n\t\t\t\t\t\t\t\t\t\t\t<span class=\"elementor-icon-list-icon\">\n\t\t\t\t\t\t\t<i aria-hidden=\"true\" class=\"fas fa-check\"><\/i>\t\t\t\t\t\t<\/span>\n\t\t\t\t\t\t\t\t\t\t<span class=\"elementor-icon-list-text\">Dokumenterad track record<\/span>\n\t\t\t\t\t\t\t\t\t<\/li>\n\t\t\t\t\t\t\t\t<li class=\"elementor-icon-list-item elementor-inline-item\">\n\t\t\t\t\t\t\t\t\t\t\t<span class=\"elementor-icon-list-icon\">\n\t\t\t\t\t\t\t<i aria-hidden=\"true\" class=\"fas fa-check\"><\/i>\t\t\t\t\t\t<\/span>\n\t\t\t\t\t\t\t\t\t\t<span class=\"elementor-icon-list-text\">Fullst\u00e4ndig konfidentialitet<\/span>\n\t\t\t\t\t\t\t\t\t<\/li>\n\t\t\t\t\t\t\t\t<li class=\"elementor-icon-list-item elementor-inline-item\">\n\t\t\t\t\t\t\t\t\t\t\t<span class=\"elementor-icon-list-icon\">\n\t\t\t\t\t\t\t<i aria-hidden=\"true\" class=\"fas fa-check\"><\/i>\t\t\t\t\t\t<\/span>\n\t\t\t\t\t\t\t\t\t\t<span class=\"elementor-icon-list-text\">\u00d6verkomliga priser<\/span>\n\t\t\t\t\t\t\t\t\t<\/li>\n\t\t\t\t\t\t<\/ul>\n\t\t\t\t\t\t<\/div>\n\t\t\t\t<\/div>\n\t\t\t\t<div class=\"elementor-element elementor-element-2cad2148 elementor-widget elementor-widget-heading\" data-id=\"2cad2148\" data-element_type=\"widget\" data-e-type=\"widget\" data-widget_type=\"heading.default\">\n\t\t\t\t<div class=\"elementor-widget-container\">\n\t\t\t\t\t<p class=\"elementor-heading-title elementor-size-default\">Fyll i v\u00e5r kontaktformul\u00e4r och f\u00e5 en icke-bindande offert inom en arbetsdag.\n<\/p>\t\t\t\t<\/div>\n\t\t\t\t<\/div>\n\t\t\t\t<div class=\"elementor-element elementor-element-3f749b06 elementor-widget elementor-widget-shortcode\" data-id=\"3f749b06\" data-element_type=\"widget\" data-e-type=\"widget\" data-widget_type=\"shortcode.default\">\n\t\t\t\t<div class=\"elementor-widget-container\">\n\t\t\t\t\t\t\t<div class=\"elementor-shortcode\"><div class=\"wpforms-container \" id=\"wpforms-1472\"><form id=\"wpforms-form-1472\" class=\"wpforms-validate wpforms-form wpforms-ajax-form\" data-formid=\"1472\" method=\"post\" enctype=\"multipart\/form-data\" action=\"\/sv\/wp-json\/wp\/v2\/pages\/2068\" data-token=\"b4e59785bcb5a57472fe9d5313902ff1\" data-token-time=\"1776759401\"><noscript class=\"wpforms-error-noscript\">Aktivera JavaScript i din webbl\u00e4sare f\u00f6r att fylla i formul\u00e4ret.<\/noscript><div class=\"wpforms-field-container\"><div id=\"wpforms-1472-field_0-container\" class=\"wpforms-field wpforms-field-name wpforms-one-third wpforms-first wpforms-mobile-full\" data-field-id=\"0\"><label class=\"wpforms-field-label wpforms-label-hide\" for=\"wpforms-1472-field_0\">Name <span class=\"wpforms-required-label\">*<\/span><\/label><input type=\"text\" id=\"wpforms-1472-field_0\" class=\"wpforms-field-large wpforms-field-required\" name=\"wpforms[fields][0]\" placeholder=\"Ditt fullst\u00e4ndiga namn*\" required><\/div><div id=\"wpforms-1472-field_5-container\" class=\"wpforms-field wpforms-field-text wpforms-one-third wpforms-mobile-full\" data-field-id=\"5\"><label class=\"wpforms-field-label wpforms-label-hide\" for=\"wpforms-1472-field_5\">Single Line Text<\/label><input type=\"text\" id=\"wpforms-1472-field_5\" class=\"wpforms-field-large\" name=\"wpforms[fields][5]\" placeholder=\"F\u00f6retagsnamn\" ><\/div><div id=\"wpforms-1472-field_3-container\" class=\"wpforms-field wpforms-field-number wpforms-one-third wpforms-mobile-full\" data-field-id=\"3\"><label class=\"wpforms-field-label wpforms-label-hide\" for=\"wpforms-1472-field_3\">Numbers <span class=\"wpforms-required-label\">*<\/span><\/label><input type=\"number\" id=\"wpforms-1472-field_3\" class=\"wpforms-field-large wpforms-field-required\" name=\"wpforms[fields][3]\" placeholder=\"Telefonnummer*\" step=\"any\" required><\/div><div id=\"wpforms-1472-field_1-container\" class=\"wpforms-field wpforms-field-email wpforms-mobile-full wpforms-one-third wpforms-first\" data-field-id=\"1\"><label class=\"wpforms-field-label wpforms-label-hide\" for=\"wpforms-1472-field_1\">Email <span class=\"wpforms-required-label\">*<\/span><\/label><input type=\"email\" id=\"wpforms-1472-field_1\" class=\"wpforms-field-large wpforms-field-required\" name=\"wpforms[fields][1]\" placeholder=\"E-postadress*\" spellcheck=\"false\" required><\/div><div id=\"wpforms-1472-field_4-container\" class=\"wpforms-field wpforms-field-text wpforms-one-third wpforms-mobile-full\" data-field-id=\"4\"><label class=\"wpforms-field-label wpforms-label-hide\" for=\"wpforms-1472-field_4\">describe <span class=\"wpforms-required-label\">*<\/span><\/label><input type=\"text\" id=\"wpforms-1472-field_4\" class=\"wpforms-field-large wpforms-field-required\" name=\"wpforms[fields][4]\" placeholder=\"Beskriv det o\u00f6nskade s\u00f6kf\u00f6rslaget * (separeras med komma) *\" required><\/div><\/div><!-- .wpforms-field-container --><div class=\"wpforms-submit-container\" ><input type=\"hidden\" name=\"wpforms[id]\" value=\"1472\"><input type=\"hidden\" name=\"page_title\" value=\"\"><input type=\"hidden\" name=\"page_url\" value=\"https:\/\/removalagency.com\/sv\/wp-json\/wp\/v2\/pages\/2068\"><input type=\"hidden\" name=\"url_referer\" value=\"\"><button type=\"submit\" name=\"wpforms[submit]\" id=\"wpforms-submit-1472\" class=\"wpforms-submit wpforms-one-third wpforms-mobile-full\" data-alt-text=\"Skickar...\" data-submit-text=\"F\u00e5 en icke-bindande offert\" aria-live=\"assertive\" value=\"wpforms-submit\">F\u00e5 en icke-bindande offert<\/button><img decoding=\"async\" src=\"https:\/\/removalagency.com\/wp-content\/plugins\/wpforms-lite\/assets\/images\/submit-spin.svg\" class=\"wpforms-submit-spinner\" style=\"display: none;\" width=\"26\" height=\"26\" alt=\"Laddar\"><\/div><\/form><\/div>  <!-- .wpforms-container --><\/div>\n\t\t\t\t\t\t<\/div>\n\t\t\t\t<\/div>\n\t\t\t\t\t<\/div>\n\t\t<\/div>\n\t\t\t\t\t<\/div>\n\t\t<\/section>\n\t\t\t\t<\/div>\n\t\t","protected":false},"excerpt":{"rendered":"<p>Relaterade s\u00f6kningar: S\u00e5 kan de \u00e4ndras eller tas bort N\u00e4r du s\u00f6ker p\u00e5 en s\u00f6kmotor har du f\u00f6rmodligen lagt m\u00e4rke till att en lista \u00f6ver &#8221;relaterade s\u00f6kningar&#8221; visas l\u00e4ngst ned p\u00e5 sidan. Dessa relaterade s\u00f6kningar \u00e4r baserade p\u00e5 den ursprungliga s\u00f6kningen, popul\u00e4ra s\u00f6kningar och inneh\u00e5ll i s\u00f6kmotorns index som kan vara anv\u00e4ndbara i en forskning [&hellip;]<\/p>\n","protected":false},"author":1,"featured_media":0,"parent":2031,"menu_order":0,"comment_status":"closed","ping_status":"closed","template":"","meta":{"site-sidebar-layout":"no-sidebar","site-content-layout":"page-builder","ast-site-content-layout":"default","site-content-style":"default","site-sidebar-style":"default","ast-global-header-display":"","ast-banner-title-visibility":"","ast-main-header-display":"","ast-hfb-above-header-display":"","ast-hfb-below-header-display":"","ast-hfb-mobile-header-display":"","site-post-title":"disabled","ast-breadcrumbs-content":"","ast-featured-img":"disabled","footer-sml-layout":"","ast-disable-related-posts":"","theme-transparent-header-meta":"","adv-header-id-meta":"","stick-header-meta":"","header-above-stick-meta":"","header-main-stick-meta":"","header-below-stick-meta":"","astra-migrate-meta-layouts":"default","ast-page-background-enabled":"default","ast-page-background-meta":{"desktop":{"background-color":"var(--ast-global-color-4)","background-image":"","background-repeat":"repeat","background-position":"center center","background-size":"auto","background-attachment":"scroll","background-type":"","background-media":"","overlay-type":"","overlay-color":"","overlay-opacity":"","overlay-gradient":""},"tablet":{"background-color":"","background-image":"","background-repeat":"repeat","background-position":"center center","background-size":"auto","background-attachment":"scroll","background-type":"","background-media":"","overlay-type":"","overlay-color":"","overlay-opacity":"","overlay-gradient":""},"mobile":{"background-color":"","background-image":"","background-repeat":"repeat","background-position":"center center","background-size":"auto","background-attachment":"scroll","background-type":"","background-media":"","overlay-type":"","overlay-color":"","overlay-opacity":"","overlay-gradient":""}},"ast-content-background-meta":{"desktop":{"background-color":"var(--ast-global-color-5)","background-image":"","background-repeat":"repeat","background-position":"center center","background-size":"auto","background-attachment":"scroll","background-type":"","background-media":"","overlay-type":"","overlay-color":"","overlay-opacity":"","overlay-gradient":""},"tablet":{"background-color":"var(--ast-global-color-5)","background-image":"","background-repeat":"repeat","background-position":"center center","background-size":"auto","background-attachment":"scroll","background-type":"","background-media":"","overlay-type":"","overlay-color":"","overlay-opacity":"","overlay-gradient":""},"mobile":{"background-color":"var(--ast-global-color-5)","background-image":"","background-repeat":"repeat","background-position":"center center","background-size":"auto","background-attachment":"scroll","background-type":"","background-media":"","overlay-type":"","overlay-color":"","overlay-opacity":"","overlay-gradient":""}},"footnotes":""},"class_list":["post-2068","page","type-page","status-publish","hentry"],"_links":{"self":[{"href":"https:\/\/removalagency.com\/sv\/wp-json\/wp\/v2\/pages\/2068","targetHints":{"allow":["GET"]}}],"collection":[{"href":"https:\/\/removalagency.com\/sv\/wp-json\/wp\/v2\/pages"}],"about":[{"href":"https:\/\/removalagency.com\/sv\/wp-json\/wp\/v2\/types\/page"}],"author":[{"embeddable":true,"href":"https:\/\/removalagency.com\/sv\/wp-json\/wp\/v2\/users\/1"}],"replies":[{"embeddable":true,"href":"https:\/\/removalagency.com\/sv\/wp-json\/wp\/v2\/comments?post=2068"}],"version-history":[{"count":11,"href":"https:\/\/removalagency.com\/sv\/wp-json\/wp\/v2\/pages\/2068\/revisions"}],"predecessor-version":[{"id":2457,"href":"https:\/\/removalagency.com\/sv\/wp-json\/wp\/v2\/pages\/2068\/revisions\/2457"}],"up":[{"embeddable":true,"href":"https:\/\/removalagency.com\/sv\/wp-json\/wp\/v2\/pages\/2031"}],"wp:attachment":[{"href":"https:\/\/removalagency.com\/sv\/wp-json\/wp\/v2\/media?parent=2068"}],"curies":[{"name":"wp","href":"https:\/\/api.w.org\/{rel}","templated":true}]}}