{"id":2060,"date":"2023-05-01T15:21:42","date_gmt":"2023-05-01T15:21:42","guid":{"rendered":"https:\/\/removalagency.com\/kunnskap\/uonskede-google-autofullforing\/"},"modified":"2023-05-08T08:28:20","modified_gmt":"2023-05-08T08:28:20","slug":"uonskede-google-autofullforing","status":"publish","type":"page","link":"https:\/\/removalagency.com\/no\/kunnskap\/uonskede-google-autofullforing\/","title":{"rendered":"U\u00f8nskede Google autofullf\u00f8ring"},"content":{"rendered":"\t\t<div data-elementor-type=\"wp-page\" data-elementor-id=\"2060\" class=\"elementor elementor-2060 elementor-1889\">\n\t\t\t\t\t\t<section class=\"elementor-section elementor-top-section elementor-element elementor-element-84299bc elementor-section-boxed elementor-section-height-default elementor-section-height-default\" data-id=\"84299bc\" data-element_type=\"section\" data-e-type=\"section\" data-settings=\"{&quot;background_background&quot;:&quot;classic&quot;}\">\n\t\t\t\t\t\t<div class=\"elementor-container elementor-column-gap-no\">\n\t\t\t\t\t<div class=\"elementor-column elementor-col-100 elementor-top-column elementor-element elementor-element-11c04c41\" data-id=\"11c04c41\" data-element_type=\"column\" data-e-type=\"column\">\n\t\t\t<div class=\"elementor-widget-wrap elementor-element-populated\">\n\t\t\t\t\t\t<section class=\"elementor-section elementor-inner-section elementor-element elementor-element-28ae78a4 elementor-section-boxed elementor-section-height-default elementor-section-height-default\" data-id=\"28ae78a4\" data-element_type=\"section\" data-e-type=\"section\">\n\t\t\t\t\t\t<div class=\"elementor-container elementor-column-gap-no\">\n\t\t\t\t\t<div class=\"elementor-column elementor-col-50 elementor-inner-column elementor-element elementor-element-2cabb75c\" data-id=\"2cabb75c\" data-element_type=\"column\" data-e-type=\"column\">\n\t\t\t<div class=\"elementor-widget-wrap elementor-element-populated\">\n\t\t\t\t\t\t<div class=\"elementor-element elementor-element-11048ec7 elementor-widget elementor-widget-image\" data-id=\"11048ec7\" data-element_type=\"widget\" data-e-type=\"widget\" data-widget_type=\"image.default\">\n\t\t\t\t<div class=\"elementor-widget-container\">\n\t\t\t\t\t\t\t\t\t\t\t\t\t\t\t<img fetchpriority=\"high\" decoding=\"async\" width=\"600\" height=\"559\" src=\"https:\/\/removalagency.com\/wp-content\/uploads\/2023\/05\/google-autocomplete.jpg\" class=\"attachment-large size-large wp-image-1868\" alt=\"\" srcset=\"https:\/\/removalagency.com\/wp-content\/uploads\/2023\/05\/google-autocomplete.jpg 600w, https:\/\/removalagency.com\/wp-content\/uploads\/2023\/05\/google-autocomplete-300x280.jpg 300w\" sizes=\"(max-width: 600px) 100vw, 600px\" \/>\t\t\t\t\t\t\t\t\t\t\t\t\t\t\t<\/div>\n\t\t\t\t<\/div>\n\t\t\t\t\t<\/div>\n\t\t<\/div>\n\t\t\t\t<div class=\"elementor-column elementor-col-50 elementor-inner-column elementor-element elementor-element-74976b0f\" data-id=\"74976b0f\" data-element_type=\"column\" data-e-type=\"column\">\n\t\t\t<div class=\"elementor-widget-wrap elementor-element-populated\">\n\t\t\t\t\t\t<div class=\"elementor-element elementor-element-7b0e9504 elementor-widget elementor-widget-heading\" data-id=\"7b0e9504\" data-element_type=\"widget\" data-e-type=\"widget\" data-widget_type=\"heading.default\">\n\t\t\t\t<div class=\"elementor-widget-container\">\n\t\t\t\t\t<h1 class=\"elementor-heading-title elementor-size-default\">U\u00f8nskede Google autofullf\u00f8ring: Slik h\u00e5ndterer du det<\/h1>\t\t\t\t<\/div>\n\t\t\t\t<\/div>\n\t\t\t\t<div class=\"elementor-element elementor-element-3274d7b5 elementor-widget elementor-widget-text-editor\" data-id=\"3274d7b5\" data-element_type=\"widget\" data-e-type=\"widget\" data-widget_type=\"text-editor.default\">\n\t\t\t\t<div class=\"elementor-widget-container\">\n\t\t\t\t\t\t\t\t\t<p>Google er verdens mest brukte s\u00f8kemotor, og er ofte det f\u00f8rste stedet folk s\u00f8ker n\u00e5r de skal finne informasjon om et bestemt emne, en person eller en bedrift. En av funksjonene som skal hjelpe brukerne til en bedre s\u00f8keopplevelse p\u00e5 Google, er Google autofullf\u00f8ring, som pr\u00f8ver \u00e5 fullf\u00f8re s\u00f8ket ditt og gir ytterligere s\u00f8keforslag samtidig. Det kan i mange tilfeller v\u00e6re en god m\u00e5te \u00e5 finne relevante opplysninger raskt, men noen ganger kan man oppleve u\u00f8nskede eller direkte skadelige forslag. Dette kan typisk skje hvis man som person eller som bedrift har f\u00e5tt d\u00e5rlig omtale i mediene, og Google autofullf\u00f8ring kobler dette til s\u00f8ket ditt.<\/p>\n\t\t\t\t\t\t\t\t<\/div>\n\t\t\t\t<\/div>\n\t\t\t\t<div class=\"elementor-element elementor-element-7051a191 elementor-widget elementor-widget-button\" data-id=\"7051a191\" data-element_type=\"widget\" data-e-type=\"widget\" data-widget_type=\"button.default\">\n\t\t\t\t<div class=\"elementor-widget-container\">\n\t\t\t\t\t\t\t\t\t<div class=\"elementor-button-wrapper\">\n\t\t\t\t\t<a class=\"elementor-button elementor-button-link elementor-size-md\" href=\"#cta\">\n\t\t\t\t\t\t<span class=\"elementor-button-content-wrapper\">\n\t\t\t\t\t\t\t\t\t<span class=\"elementor-button-text\">F\u00e5 et uforpliktende tilbud<\/span>\n\t\t\t\t\t<\/span>\n\t\t\t\t\t<\/a>\n\t\t\t\t<\/div>\n\t\t\t\t\t\t\t\t<\/div>\n\t\t\t\t<\/div>\n\t\t\t\t\t<\/div>\n\t\t<\/div>\n\t\t\t\t\t<\/div>\n\t\t<\/section>\n\t\t\t\t\t<\/div>\n\t\t<\/div>\n\t\t\t\t\t<\/div>\n\t\t<\/section>\n\t\t\t\t<section class=\"elementor-section elementor-top-section elementor-element elementor-element-110fc2c elementor-section-boxed elementor-section-height-default elementor-section-height-default\" data-id=\"110fc2c\" data-element_type=\"section\" data-e-type=\"section\" data-settings=\"{&quot;background_background&quot;:&quot;classic&quot;}\">\n\t\t\t\t\t\t<div class=\"elementor-container elementor-column-gap-no\">\n\t\t\t\t\t<div class=\"elementor-column elementor-col-100 elementor-top-column elementor-element elementor-element-1ad117e\" data-id=\"1ad117e\" data-element_type=\"column\" data-e-type=\"column\">\n\t\t\t<div class=\"elementor-widget-wrap elementor-element-populated\">\n\t\t\t\t\t\t<div class=\"elementor-element elementor-element-5d85d53b elementor-widget elementor-widget-text-editor\" data-id=\"5d85d53b\" data-element_type=\"widget\" data-e-type=\"widget\" data-widget_type=\"text-editor.default\">\n\t\t\t\t<div class=\"elementor-widget-container\">\n\t\t\t\t\t\t\t\t\t<p>Hvis man kommer over negative autofullf\u00f8ringsforslag kan det v\u00e6re skadelig b\u00e5de for enkeltpersoner og bedrifters merkevare, og p\u00e5virke mulighetene i fremtiden. Derfor er det viktig \u00e5 ta tak i problemet.<\/p>\n<h2>N\u00e5r b\u00f8r man f\u00e5 hjelp til \u00e5 slette autofullf\u00f8ringsforslag?<\/h2>\n<p>Hvis du oppdager negative og skadelige s\u00f8keforslag som kobler seg til deg eller din virksomhet, er det typisk n\u00f8dvendig \u00e5 f\u00e5 hjelp fra et profesjonelt online reputation management-byr\u00e5 for \u00e5 slette dem. Dette kan nemlig skade en persons eller en virksomhets merkevare og p\u00e5virke b\u00e5de samarbeidspartnere, kunderelasjoner, \u00f8konomi, ansettelsesmuligheter og private relasjoner n\u00e5r Google knytter en person eller en virksomhet til d\u00e5rlig omtale.<\/p>\n<h2>Kan man gj\u00f8re noe selv?<\/h2>\n<p>Det er mulig \u00e5 rapportere upassende autofullf\u00f8ringsforslag direkte til Google selv. Du kan gj\u00f8re dette ved \u00e5 skrive s\u00f8keordet i s\u00f8kefeltet. N\u00e5r nedtrekksmenyen \u00e5pner seg, kan du velge &laquo;Rapporter upassende forslag&raquo;. Her har du muligheten til \u00e5 angi hvilke\/hvilket autofullf\u00f8ringforslag som er upassende og \u00e5rsaken til det.<\/p>\n<p>Det er ogs\u00e5 mulig \u00e5 rapportere innhold som strider mot s\u00f8kemotorens innholds- og produktregler eller bryter juridiske standarder. Dette kan rapporteres direkte til Google via denne <a href=\"https:\/\/support.google.com\/legal\/troubleshooter\/1114905?sjid=7990487269171491239-EU&amp;hl=en-GB#ts=9814647%2C9815053%2C3337372\">lenken<\/a>.<\/p>\n<p>Det er viktig \u00e5 p\u00e5peke at selv om man rapporterer upassende autofullf\u00f8ringforslag eller ber om fjerning av ulovlig innhold, betyr det ikke n\u00f8dvendigvis at innholdet blir fjernet. Google vil nemlig foreta en individuell vurdering.<\/p>\n\t\t\t\t\t\t\t\t<\/div>\n\t\t\t\t<\/div>\n\t\t\t\t\t<\/div>\n\t\t<\/div>\n\t\t\t\t\t<\/div>\n\t\t<\/section>\n\t\t\t\t<section class=\"elementor-section elementor-top-section elementor-element elementor-element-7f12f15f elementor-section-content-middle elementor-section-boxed elementor-section-height-default elementor-section-height-default\" data-id=\"7f12f15f\" data-element_type=\"section\" data-e-type=\"section\" id=\"cta\" data-settings=\"{&quot;background_background&quot;:&quot;classic&quot;}\">\n\t\t\t\t\t\t\t<div class=\"elementor-background-overlay\"><\/div>\n\t\t\t\t\t\t\t<div class=\"elementor-container elementor-column-gap-no\">\n\t\t\t\t\t<div class=\"elementor-column elementor-col-100 elementor-top-column elementor-element elementor-element-4a867f42\" data-id=\"4a867f42\" data-element_type=\"column\" data-e-type=\"column\">\n\t\t\t<div class=\"elementor-widget-wrap elementor-element-populated\">\n\t\t\t\t\t\t<div class=\"elementor-element elementor-element-6c109c55 elementor-widget elementor-widget-heading\" data-id=\"6c109c55\" data-element_type=\"widget\" data-e-type=\"widget\" data-widget_type=\"heading.default\">\n\t\t\t\t<div class=\"elementor-widget-container\">\n\t\t\t\t\t<h3 class=\"elementor-heading-title elementor-size-default\">Fyll ut skjemaet for \u00e5 fjerne u\u00f8nskede Google Auto-forslag<\/h3>\t\t\t\t<\/div>\n\t\t\t\t<\/div>\n\t\t\t\t<div class=\"elementor-element elementor-element-4a066fd0 elementor-icon-list--layout-inline elementor-align-center elementor-list-item-link-full_width elementor-widget elementor-widget-icon-list\" data-id=\"4a066fd0\" data-element_type=\"widget\" data-e-type=\"widget\" data-widget_type=\"icon-list.default\">\n\t\t\t\t<div class=\"elementor-widget-container\">\n\t\t\t\t\t\t\t<ul class=\"elementor-icon-list-items elementor-inline-items\">\n\t\t\t\t\t\t\t<li class=\"elementor-icon-list-item elementor-inline-item\">\n\t\t\t\t\t\t\t\t\t\t\t<span class=\"elementor-icon-list-icon\">\n\t\t\t\t\t\t\t<i aria-hidden=\"true\" class=\"fas fa-check\"><\/i>\t\t\t\t\t\t<\/span>\n\t\t\t\t\t\t\t\t\t\t<span class=\"elementor-icon-list-text\">Personlig service p\u00e5 Skandinavisk eller engelsk<\/span>\n\t\t\t\t\t\t\t\t\t<\/li>\n\t\t\t\t\t\t\t\t<li class=\"elementor-icon-list-item elementor-inline-item\">\n\t\t\t\t\t\t\t\t\t\t\t<span class=\"elementor-icon-list-icon\">\n\t\t\t\t\t\t\t<i aria-hidden=\"true\" class=\"fas fa-check\"><\/i>\t\t\t\t\t\t<\/span>\n\t\t\t\t\t\t\t\t\t\t<span class=\"elementor-icon-list-text\">Dokumentert track record<\/span>\n\t\t\t\t\t\t\t\t\t<\/li>\n\t\t\t\t\t\t\t\t<li class=\"elementor-icon-list-item elementor-inline-item\">\n\t\t\t\t\t\t\t\t\t\t\t<span class=\"elementor-icon-list-icon\">\n\t\t\t\t\t\t\t<i aria-hidden=\"true\" class=\"fas fa-check\"><\/i>\t\t\t\t\t\t<\/span>\n\t\t\t\t\t\t\t\t\t\t<span class=\"elementor-icon-list-text\">Full konfidensialitet<\/span>\n\t\t\t\t\t\t\t\t\t<\/li>\n\t\t\t\t\t\t\t\t<li class=\"elementor-icon-list-item elementor-inline-item\">\n\t\t\t\t\t\t\t\t\t\t\t<span class=\"elementor-icon-list-icon\">\n\t\t\t\t\t\t\t<i aria-hidden=\"true\" class=\"fas fa-check\"><\/i>\t\t\t\t\t\t<\/span>\n\t\t\t\t\t\t\t\t\t\t<span class=\"elementor-icon-list-text\">Overkommelige priser<\/span>\n\t\t\t\t\t\t\t\t\t<\/li>\n\t\t\t\t\t\t<\/ul>\n\t\t\t\t\t\t<\/div>\n\t\t\t\t<\/div>\n\t\t\t\t<div class=\"elementor-element elementor-element-1bf9b671 elementor-widget elementor-widget-heading\" data-id=\"1bf9b671\" data-element_type=\"widget\" data-e-type=\"widget\" data-widget_type=\"heading.default\">\n\t\t\t\t<div class=\"elementor-widget-container\">\n\t\t\t\t\t<p class=\"elementor-heading-title elementor-size-default\">Fyll ut v\u00e5rt kontaktskjema og motta et uforpliktende tilbud innen \u00e9n virkedag.\n<\/p>\t\t\t\t<\/div>\n\t\t\t\t<\/div>\n\t\t\t\t<div class=\"elementor-element elementor-element-37d95b84 elementor-widget elementor-widget-shortcode\" data-id=\"37d95b84\" data-element_type=\"widget\" data-e-type=\"widget\" data-widget_type=\"shortcode.default\">\n\t\t\t\t<div class=\"elementor-widget-container\">\n\t\t\t\t\t\t\t<div class=\"elementor-shortcode\"><div class=\"wpforms-container \" id=\"wpforms-1472\"><form id=\"wpforms-form-1472\" class=\"wpforms-validate wpforms-form wpforms-ajax-form\" data-formid=\"1472\" method=\"post\" enctype=\"multipart\/form-data\" action=\"\/no\/wp-json\/wp\/v2\/pages\/2060\" data-token=\"21eedc93e919183052ce7a53f55fbe8f\" data-token-time=\"1777303615\"><noscript class=\"wpforms-error-noscript\">Please enable JavaScript in your browser to complete this form.<\/noscript><div class=\"wpforms-field-container\"><div id=\"wpforms-1472-field_0-container\" class=\"wpforms-field wpforms-field-name wpforms-one-third wpforms-first wpforms-mobile-full\" data-field-id=\"0\"><label class=\"wpforms-field-label wpforms-label-hide\" for=\"wpforms-1472-field_0\">Name <span class=\"wpforms-required-label\">*<\/span><\/label><input type=\"text\" id=\"wpforms-1472-field_0\" class=\"wpforms-field-large wpforms-field-required\" name=\"wpforms[fields][0]\" placeholder=\"Ditt fulle navn*\" required><\/div><div id=\"wpforms-1472-field_5-container\" class=\"wpforms-field wpforms-field-text wpforms-one-third wpforms-mobile-full\" data-field-id=\"5\"><label class=\"wpforms-field-label wpforms-label-hide\" for=\"wpforms-1472-field_5\">Single Line Text<\/label><input type=\"text\" id=\"wpforms-1472-field_5\" class=\"wpforms-field-large\" name=\"wpforms[fields][5]\" placeholder=\"Firmanavn\" ><\/div><div id=\"wpforms-1472-field_3-container\" class=\"wpforms-field wpforms-field-number wpforms-one-third wpforms-mobile-full\" data-field-id=\"3\"><label class=\"wpforms-field-label wpforms-label-hide\" for=\"wpforms-1472-field_3\">Numbers <span class=\"wpforms-required-label\">*<\/span><\/label><input type=\"number\" id=\"wpforms-1472-field_3\" class=\"wpforms-field-large wpforms-field-required\" name=\"wpforms[fields][3]\" placeholder=\"Telefonnummer*\" step=\"any\" required><\/div><div id=\"wpforms-1472-field_1-container\" class=\"wpforms-field wpforms-field-email wpforms-mobile-full wpforms-one-third wpforms-first\" data-field-id=\"1\"><label class=\"wpforms-field-label wpforms-label-hide\" for=\"wpforms-1472-field_1\">Email <span class=\"wpforms-required-label\">*<\/span><\/label><input type=\"email\" id=\"wpforms-1472-field_1\" class=\"wpforms-field-large wpforms-field-required\" name=\"wpforms[fields][1]\" placeholder=\"E-postadresse*\" spellcheck=\"false\" required><\/div><div id=\"wpforms-1472-field_4-container\" class=\"wpforms-field wpforms-field-text wpforms-one-third wpforms-mobile-full\" data-field-id=\"4\"><label class=\"wpforms-field-label wpforms-label-hide\" for=\"wpforms-1472-field_4\">describe <span class=\"wpforms-required-label\">*<\/span><\/label><input type=\"text\" id=\"wpforms-1472-field_4\" class=\"wpforms-field-large wpforms-field-required\" name=\"wpforms[fields][4]\" placeholder=\"Beskriv de \u00f8nskede s\u00f8keforslagene* (adskil med komma) *\" required><\/div><\/div><!-- .wpforms-field-container --><div class=\"wpforms-submit-container\" ><input type=\"hidden\" name=\"wpforms[id]\" value=\"1472\"><input type=\"hidden\" name=\"page_title\" value=\"\"><input type=\"hidden\" name=\"page_url\" value=\"https:\/\/removalagency.com\/no\/wp-json\/wp\/v2\/pages\/2060\"><input type=\"hidden\" name=\"url_referer\" value=\"\"><button type=\"submit\" name=\"wpforms[submit]\" id=\"wpforms-submit-1472\" class=\"wpforms-submit wpforms-one-third wpforms-mobile-full\" data-alt-text=\"Sender...\" data-submit-text=\"F\u00e5 et uforpliktende tilbud\" aria-live=\"assertive\" value=\"wpforms-submit\">F\u00e5 et uforpliktende tilbud<\/button><img decoding=\"async\" src=\"https:\/\/removalagency.com\/wp-content\/plugins\/wpforms-lite\/assets\/images\/submit-spin.svg\" class=\"wpforms-submit-spinner\" style=\"display: none;\" width=\"26\" height=\"26\" alt=\"Loading\"><\/div><\/form><\/div>  <!-- .wpforms-container --><\/div>\n\t\t\t\t\t\t<\/div>\n\t\t\t\t<\/div>\n\t\t\t\t\t<\/div>\n\t\t<\/div>\n\t\t\t\t\t<\/div>\n\t\t<\/section>\n\t\t\t\t<\/div>\n\t\t","protected":false},"excerpt":{"rendered":"<p>U\u00f8nskede Google autofullf\u00f8ring: Slik h\u00e5ndterer du det Google er verdens mest brukte s\u00f8kemotor, og er ofte det f\u00f8rste stedet folk s\u00f8ker n\u00e5r de skal finne informasjon om et bestemt emne, en person eller en bedrift. En av funksjonene som skal hjelpe brukerne til en bedre s\u00f8keopplevelse p\u00e5 Google, er Google autofullf\u00f8ring, som pr\u00f8ver \u00e5 fullf\u00f8re [&hellip;]<\/p>\n","protected":false},"author":1,"featured_media":0,"parent":2025,"menu_order":0,"comment_status":"closed","ping_status":"closed","template":"","meta":{"site-sidebar-layout":"no-sidebar","site-content-layout":"page-builder","ast-site-content-layout":"default","site-content-style":"default","site-sidebar-style":"default","ast-global-header-display":"","ast-banner-title-visibility":"","ast-main-header-display":"","ast-hfb-above-header-display":"","ast-hfb-below-header-display":"","ast-hfb-mobile-header-display":"","site-post-title":"disabled","ast-breadcrumbs-content":"","ast-featured-img":"disabled","footer-sml-layout":"","ast-disable-related-posts":"","theme-transparent-header-meta":"","adv-header-id-meta":"","stick-header-meta":"","header-above-stick-meta":"","header-main-stick-meta":"","header-below-stick-meta":"","astra-migrate-meta-layouts":"default","ast-page-background-enabled":"default","ast-page-background-meta":{"desktop":{"background-color":"var(--ast-global-color-4)","background-image":"","background-repeat":"repeat","background-position":"center center","background-size":"auto","background-attachment":"scroll","background-type":"","background-media":"","overlay-type":"","overlay-color":"","overlay-opacity":"","overlay-gradient":""},"tablet":{"background-color":"","background-image":"","background-repeat":"repeat","background-position":"center center","background-size":"auto","background-attachment":"scroll","background-type":"","background-media":"","overlay-type":"","overlay-color":"","overlay-opacity":"","overlay-gradient":""},"mobile":{"background-color":"","background-image":"","background-repeat":"repeat","background-position":"center center","background-size":"auto","background-attachment":"scroll","background-type":"","background-media":"","overlay-type":"","overlay-color":"","overlay-opacity":"","overlay-gradient":""}},"ast-content-background-meta":{"desktop":{"background-color":"var(--ast-global-color-5)","background-image":"","background-repeat":"repeat","background-position":"center center","background-size":"auto","background-attachment":"scroll","background-type":"","background-media":"","overlay-type":"","overlay-color":"","overlay-opacity":"","overlay-gradient":""},"tablet":{"background-color":"var(--ast-global-color-5)","background-image":"","background-repeat":"repeat","background-position":"center center","background-size":"auto","background-attachment":"scroll","background-type":"","background-media":"","overlay-type":"","overlay-color":"","overlay-opacity":"","overlay-gradient":""},"mobile":{"background-color":"var(--ast-global-color-5)","background-image":"","background-repeat":"repeat","background-position":"center center","background-size":"auto","background-attachment":"scroll","background-type":"","background-media":"","overlay-type":"","overlay-color":"","overlay-opacity":"","overlay-gradient":""}},"footnotes":""},"class_list":["post-2060","page","type-page","status-publish","hentry"],"_links":{"self":[{"href":"https:\/\/removalagency.com\/no\/wp-json\/wp\/v2\/pages\/2060","targetHints":{"allow":["GET"]}}],"collection":[{"href":"https:\/\/removalagency.com\/no\/wp-json\/wp\/v2\/pages"}],"about":[{"href":"https:\/\/removalagency.com\/no\/wp-json\/wp\/v2\/types\/page"}],"author":[{"embeddable":true,"href":"https:\/\/removalagency.com\/no\/wp-json\/wp\/v2\/users\/1"}],"replies":[{"embeddable":true,"href":"https:\/\/removalagency.com\/no\/wp-json\/wp\/v2\/comments?post=2060"}],"version-history":[{"count":7,"href":"https:\/\/removalagency.com\/no\/wp-json\/wp\/v2\/pages\/2060\/revisions"}],"predecessor-version":[{"id":2397,"href":"https:\/\/removalagency.com\/no\/wp-json\/wp\/v2\/pages\/2060\/revisions\/2397"}],"up":[{"embeddable":true,"href":"https:\/\/removalagency.com\/no\/wp-json\/wp\/v2\/pages\/2025"}],"wp:attachment":[{"href":"https:\/\/removalagency.com\/no\/wp-json\/wp\/v2\/media?parent=2060"}],"curies":[{"name":"wp","href":"https:\/\/api.w.org\/{rel}","templated":true}]}}