{"id":2034,"date":"2023-04-27T14:57:22","date_gmt":"2023-04-27T14:57:22","guid":{"rendered":"https:\/\/removalagency.com\/om\/"},"modified":"2023-05-08T08:29:31","modified_gmt":"2023-05-08T08:29:31","slug":"om","status":"publish","type":"page","link":"https:\/\/removalagency.com\/no\/om\/","title":{"rendered":"Om"},"content":{"rendered":"\t\t<div data-elementor-type=\"wp-page\" data-elementor-id=\"2034\" class=\"elementor elementor-2034 elementor-1785\">\n\t\t\t\t\t\t<section class=\"elementor-section elementor-top-section elementor-element elementor-element-3d4b7f91 elementor-section-boxed elementor-section-height-default elementor-section-height-default\" data-id=\"3d4b7f91\" data-element_type=\"section\" data-e-type=\"section\" data-settings=\"{&quot;background_background&quot;:&quot;classic&quot;}\">\n\t\t\t\t\t\t<div class=\"elementor-container elementor-column-gap-no\">\n\t\t\t\t\t<div class=\"elementor-column elementor-col-100 elementor-top-column elementor-element elementor-element-321027eb\" data-id=\"321027eb\" data-element_type=\"column\" data-e-type=\"column\">\n\t\t\t<div class=\"elementor-widget-wrap elementor-element-populated\">\n\t\t\t\t\t\t<section class=\"elementor-section elementor-inner-section elementor-element elementor-element-4c64def5 elementor-section-boxed elementor-section-height-default elementor-section-height-default\" data-id=\"4c64def5\" data-element_type=\"section\" data-e-type=\"section\">\n\t\t\t\t\t\t<div class=\"elementor-container elementor-column-gap-no\">\n\t\t\t\t\t<div class=\"elementor-column elementor-col-100 elementor-inner-column elementor-element elementor-element-51f68f6b\" data-id=\"51f68f6b\" data-element_type=\"column\" data-e-type=\"column\">\n\t\t\t<div class=\"elementor-widget-wrap elementor-element-populated\">\n\t\t\t\t\t\t<div class=\"elementor-element elementor-element-33ece1ba elementor-widget elementor-widget-heading\" data-id=\"33ece1ba\" data-element_type=\"widget\" data-e-type=\"widget\" data-widget_type=\"heading.default\">\n\t\t\t\t<div class=\"elementor-widget-container\">\n\t\t\t\t\t<p class=\"elementor-heading-title elementor-size-default\">Om<\/p>\t\t\t\t<\/div>\n\t\t\t\t<\/div>\n\t\t\t\t<div class=\"elementor-element elementor-element-4fcf5fe1 elementor-widget elementor-widget-heading\" data-id=\"4fcf5fe1\" data-element_type=\"widget\" data-e-type=\"widget\" data-widget_type=\"heading.default\">\n\t\t\t\t<div class=\"elementor-widget-container\">\n\t\t\t\t\t<h1 class=\"elementor-heading-title elementor-size-default\">Om Removal Agency<\/h1>\t\t\t\t<\/div>\n\t\t\t\t<\/div>\n\t\t\t\t<div class=\"elementor-element elementor-element-56647121 elementor-widget elementor-widget-text-editor\" data-id=\"56647121\" data-element_type=\"widget\" data-e-type=\"widget\" data-widget_type=\"text-editor.default\">\n\t\t\t\t<div class=\"elementor-widget-container\">\n\t\t\t\t\t\t\t\t\t<p>Vi hjelper enkeltpersoner og bedrifter med \u00e5 beskytte deres online omd\u00f8mme ved \u00e5 tilby effektive l\u00f8sninger for fjerning av u\u00f8nsket innhold p\u00e5 nettet. Vi tilbyr p\u00e5litelig service som hjelper bedrifter og enkeltpersoner \u00e5 gjenopprette sitt online omd\u00f8mme og beskytte sitt merkevare.<\/p>\n\t\t\t\t\t\t\t\t<\/div>\n\t\t\t\t<\/div>\n\t\t\t\t<div class=\"elementor-element elementor-element-6b89e50 elementor-widget-divider--view-line elementor-widget elementor-widget-divider\" data-id=\"6b89e50\" data-element_type=\"widget\" data-e-type=\"widget\" data-widget_type=\"divider.default\">\n\t\t\t\t<div class=\"elementor-widget-container\">\n\t\t\t\t\t\t\t<div class=\"elementor-divider\">\n\t\t\t<span class=\"elementor-divider-separator\">\n\t\t\t\t\t\t<\/span>\n\t\t<\/div>\n\t\t\t\t\t\t<\/div>\n\t\t\t\t<\/div>\n\t\t\t\t<div class=\"elementor-element elementor-element-89003ab elementor-widget elementor-widget-text-editor\" data-id=\"89003ab\" data-element_type=\"widget\" data-e-type=\"widget\" data-widget_type=\"text-editor.default\">\n\t\t\t\t<div class=\"elementor-widget-container\">\n\t\t\t\t\t\t\t\t\t<p>V\u00e5r ekspertise ligger i \u00e5 fjerne negative s\u00f8keforslag fra s\u00f8kemotorer. Med over 15 \u00e5rs erfaring er vi blant de ledende ekspertene, og vi har en dokumentert track record og gode kundereferanser.<\/p>\n<p>Vi tilbyr personlig service p\u00e5 dansk og engelsk, og vi s\u00f8rger for raske resultater. Vi forst\u00e5r viktigheten av \u00e5 ta vare p\u00e5 v\u00e5re kunders omd\u00f8mme, og vi jobber derfor hardt for \u00e5 levere resultater s\u00e5 raskt som mulig.<\/p>\n<p>Removal Agency er en del av kommunikasjonsbyr\u00e5et ATAK Nordic, som er spesialisert p\u00e5 krisekommunikasjon, kundeanmeldelser og online reputation management.<\/p>\n<p>Vi \u00f8nsker \u00e5 sikre at v\u00e5re kunder er forn\u00f8yde med tjenestene v\u00e5re. Hvis vi vurderer at vi kan hjelpe, tilbyr vi money-back garanti, hvor man f\u00e5r pengene tilbake hvis forventede resultater ikke oppn\u00e5s.<\/p>\n<p>Vi tror p\u00e5 at v\u00e5re kunder b\u00f8r ha tillit til tjenestene v\u00e5re og f\u00f8le seg i trygge hender. Derfor er det ogs\u00e5 full konfidensialitet mellom deg og Removal Agency.<\/p>\n<p>Kort sagt, hvis du leter etter en p\u00e5litelig og erfaren partner som kan hjelpe deg med \u00e5 beskytte ditt online omd\u00f8mme og ditt merkevare, s\u00e5 er Removal Agency det rette valget for deg. Vi er eksperter i fjerning av u\u00f8nskede s\u00f8keresultater og jobber alltid for \u00e5 levere de beste resultatene til v\u00e5re kunder.<\/p>\n\t\t\t\t\t\t\t\t<\/div>\n\t\t\t\t<\/div>\n\t\t\t\t\t<\/div>\n\t\t<\/div>\n\t\t\t\t\t<\/div>\n\t\t<\/section>\n\t\t\t\t\t<\/div>\n\t\t<\/div>\n\t\t\t\t\t<\/div>\n\t\t<\/section>\n\t\t\t\t<section class=\"elementor-section elementor-top-section elementor-element elementor-element-39cb8c0a elementor-section-content-middle elementor-section-boxed elementor-section-height-default elementor-section-height-default\" data-id=\"39cb8c0a\" data-element_type=\"section\" data-e-type=\"section\" id=\"cta\" data-settings=\"{&quot;background_background&quot;:&quot;classic&quot;}\">\n\t\t\t\t\t\t\t<div class=\"elementor-background-overlay\"><\/div>\n\t\t\t\t\t\t\t<div class=\"elementor-container elementor-column-gap-no\">\n\t\t\t\t\t<div class=\"elementor-column elementor-col-100 elementor-top-column elementor-element elementor-element-43190209\" data-id=\"43190209\" data-element_type=\"column\" data-e-type=\"column\">\n\t\t\t<div class=\"elementor-widget-wrap elementor-element-populated\">\n\t\t\t\t\t\t<div class=\"elementor-element elementor-element-758efe74 elementor-widget elementor-widget-heading\" data-id=\"758efe74\" data-element_type=\"widget\" data-e-type=\"widget\" data-widget_type=\"heading.default\">\n\t\t\t\t<div class=\"elementor-widget-container\">\n\t\t\t\t\t<h3 class=\"elementor-heading-title elementor-size-default\">Fyll ut skjemaet for \u00e5 starte fjerningen av negativt innhold<\/h3>\t\t\t\t<\/div>\n\t\t\t\t<\/div>\n\t\t\t\t<div class=\"elementor-element elementor-element-46903d7f elementor-icon-list--layout-inline elementor-align-center elementor-list-item-link-full_width elementor-widget elementor-widget-icon-list\" data-id=\"46903d7f\" data-element_type=\"widget\" data-e-type=\"widget\" data-widget_type=\"icon-list.default\">\n\t\t\t\t<div class=\"elementor-widget-container\">\n\t\t\t\t\t\t\t<ul class=\"elementor-icon-list-items elementor-inline-items\">\n\t\t\t\t\t\t\t<li class=\"elementor-icon-list-item elementor-inline-item\">\n\t\t\t\t\t\t\t\t\t\t\t<span class=\"elementor-icon-list-icon\">\n\t\t\t\t\t\t\t<i aria-hidden=\"true\" class=\"fas fa-check\"><\/i>\t\t\t\t\t\t<\/span>\n\t\t\t\t\t\t\t\t\t\t<span class=\"elementor-icon-list-text\">Personlig service p\u00e5 Skandinavisk eller engelsk<\/span>\n\t\t\t\t\t\t\t\t\t<\/li>\n\t\t\t\t\t\t\t\t<li class=\"elementor-icon-list-item elementor-inline-item\">\n\t\t\t\t\t\t\t\t\t\t\t<span class=\"elementor-icon-list-icon\">\n\t\t\t\t\t\t\t<i aria-hidden=\"true\" class=\"fas fa-check\"><\/i>\t\t\t\t\t\t<\/span>\n\t\t\t\t\t\t\t\t\t\t<span class=\"elementor-icon-list-text\">Dokumentert track record<\/span>\n\t\t\t\t\t\t\t\t\t<\/li>\n\t\t\t\t\t\t\t\t<li class=\"elementor-icon-list-item elementor-inline-item\">\n\t\t\t\t\t\t\t\t\t\t\t<span class=\"elementor-icon-list-icon\">\n\t\t\t\t\t\t\t<i aria-hidden=\"true\" class=\"fas fa-check\"><\/i>\t\t\t\t\t\t<\/span>\n\t\t\t\t\t\t\t\t\t\t<span class=\"elementor-icon-list-text\">Full fortrolighet<\/span>\n\t\t\t\t\t\t\t\t\t<\/li>\n\t\t\t\t\t\t\t\t<li class=\"elementor-icon-list-item elementor-inline-item\">\n\t\t\t\t\t\t\t\t\t\t\t<span class=\"elementor-icon-list-icon\">\n\t\t\t\t\t\t\t<i aria-hidden=\"true\" class=\"fas fa-check\"><\/i>\t\t\t\t\t\t<\/span>\n\t\t\t\t\t\t\t\t\t\t<span class=\"elementor-icon-list-text\">Overkommelige priser<\/span>\n\t\t\t\t\t\t\t\t\t<\/li>\n\t\t\t\t\t\t<\/ul>\n\t\t\t\t\t\t<\/div>\n\t\t\t\t<\/div>\n\t\t\t\t<div class=\"elementor-element elementor-element-4f4962e9 elementor-widget elementor-widget-heading\" data-id=\"4f4962e9\" data-element_type=\"widget\" data-e-type=\"widget\" data-widget_type=\"heading.default\">\n\t\t\t\t<div class=\"elementor-widget-container\">\n\t\t\t\t\t<p class=\"elementor-heading-title elementor-size-default\">Fyll ut v\u00e5rt kontaktskjema og motta et uforpliktende tilbud innen \u00e9n virkedag.\n<\/p>\t\t\t\t<\/div>\n\t\t\t\t<\/div>\n\t\t\t\t<div class=\"elementor-element elementor-element-291fb5a3 elementor-widget elementor-widget-shortcode\" data-id=\"291fb5a3\" data-element_type=\"widget\" data-e-type=\"widget\" data-widget_type=\"shortcode.default\">\n\t\t\t\t<div class=\"elementor-widget-container\">\n\t\t\t\t\t\t\t<div class=\"elementor-shortcode\"><div class=\"wpforms-container \" id=\"wpforms-1472\"><form id=\"wpforms-form-1472\" class=\"wpforms-validate wpforms-form wpforms-ajax-form\" data-formid=\"1472\" method=\"post\" enctype=\"multipart\/form-data\" action=\"\/no\/wp-json\/wp\/v2\/pages\/2034\" data-token=\"95d80e630267ba9409f7688806dfbbc3\" data-token-time=\"1777797795\"><noscript class=\"wpforms-error-noscript\">Please enable JavaScript in your browser to complete this form.<\/noscript><div class=\"wpforms-field-container\"><div id=\"wpforms-1472-field_0-container\" class=\"wpforms-field wpforms-field-name wpforms-one-third wpforms-first wpforms-mobile-full\" data-field-id=\"0\"><label class=\"wpforms-field-label wpforms-label-hide\" for=\"wpforms-1472-field_0\">Name <span class=\"wpforms-required-label\">*<\/span><\/label><input type=\"text\" id=\"wpforms-1472-field_0\" class=\"wpforms-field-large wpforms-field-required\" name=\"wpforms[fields][0]\" placeholder=\"Ditt fulle navn*\" required><\/div><div id=\"wpforms-1472-field_5-container\" class=\"wpforms-field wpforms-field-text wpforms-one-third wpforms-mobile-full\" data-field-id=\"5\"><label class=\"wpforms-field-label wpforms-label-hide\" for=\"wpforms-1472-field_5\">Single Line Text<\/label><input type=\"text\" id=\"wpforms-1472-field_5\" class=\"wpforms-field-large\" name=\"wpforms[fields][5]\" placeholder=\"Firmanavn\" ><\/div><div id=\"wpforms-1472-field_3-container\" class=\"wpforms-field wpforms-field-number wpforms-one-third wpforms-mobile-full\" data-field-id=\"3\"><label class=\"wpforms-field-label wpforms-label-hide\" for=\"wpforms-1472-field_3\">Numbers <span class=\"wpforms-required-label\">*<\/span><\/label><input type=\"number\" id=\"wpforms-1472-field_3\" class=\"wpforms-field-large wpforms-field-required\" name=\"wpforms[fields][3]\" placeholder=\"Telefonnummer*\" step=\"any\" required><\/div><div id=\"wpforms-1472-field_1-container\" class=\"wpforms-field wpforms-field-email wpforms-mobile-full wpforms-one-third wpforms-first\" data-field-id=\"1\"><label class=\"wpforms-field-label wpforms-label-hide\" for=\"wpforms-1472-field_1\">Email <span class=\"wpforms-required-label\">*<\/span><\/label><input type=\"email\" id=\"wpforms-1472-field_1\" class=\"wpforms-field-large wpforms-field-required\" name=\"wpforms[fields][1]\" placeholder=\"E-postadresse*\" spellcheck=\"false\" required><\/div><div id=\"wpforms-1472-field_4-container\" class=\"wpforms-field wpforms-field-text wpforms-one-third wpforms-mobile-full\" data-field-id=\"4\"><label class=\"wpforms-field-label wpforms-label-hide\" for=\"wpforms-1472-field_4\">describe <span class=\"wpforms-required-label\">*<\/span><\/label><input type=\"text\" id=\"wpforms-1472-field_4\" class=\"wpforms-field-large wpforms-field-required\" name=\"wpforms[fields][4]\" placeholder=\"Beskriv de \u00f8nskede s\u00f8keforslagene* (adskil med komma) *\" required><\/div><\/div><!-- .wpforms-field-container --><div class=\"wpforms-submit-container\" ><input type=\"hidden\" name=\"wpforms[id]\" value=\"1472\"><input type=\"hidden\" name=\"page_title\" value=\"\"><input type=\"hidden\" name=\"page_url\" value=\"https:\/\/removalagency.com\/no\/wp-json\/wp\/v2\/pages\/2034\"><input type=\"hidden\" name=\"url_referer\" value=\"\"><button type=\"submit\" name=\"wpforms[submit]\" id=\"wpforms-submit-1472\" class=\"wpforms-submit wpforms-one-third wpforms-mobile-full\" data-alt-text=\"Sender...\" data-submit-text=\"F\u00e5 et uforpliktende tilbud\" aria-live=\"assertive\" value=\"wpforms-submit\">F\u00e5 et uforpliktende tilbud<\/button><img decoding=\"async\" src=\"https:\/\/removalagency.com\/wp-content\/plugins\/wpforms-lite\/assets\/images\/submit-spin.svg\" class=\"wpforms-submit-spinner\" style=\"display: none;\" width=\"26\" height=\"26\" alt=\"Loading\"><\/div><\/form><\/div>  <!-- .wpforms-container --><\/div>\n\t\t\t\t\t\t<\/div>\n\t\t\t\t<\/div>\n\t\t\t\t\t<\/div>\n\t\t<\/div>\n\t\t\t\t\t<\/div>\n\t\t<\/section>\n\t\t\t\t<\/div>\n\t\t","protected":false},"excerpt":{"rendered":"<p>Om Om Removal Agency Vi hjelper enkeltpersoner og bedrifter med \u00e5 beskytte deres online omd\u00f8mme ved \u00e5 tilby effektive l\u00f8sninger for fjerning av u\u00f8nsket innhold p\u00e5 nettet. Vi tilbyr p\u00e5litelig service som hjelper bedrifter og enkeltpersoner \u00e5 gjenopprette sitt online omd\u00f8mme og beskytte sitt merkevare. V\u00e5r ekspertise ligger i \u00e5 fjerne negative s\u00f8keforslag fra s\u00f8kemotorer. [&hellip;]<\/p>\n","protected":false},"author":1,"featured_media":0,"parent":0,"menu_order":0,"comment_status":"closed","ping_status":"closed","template":"","meta":{"site-sidebar-layout":"no-sidebar","site-content-layout":"page-builder","ast-site-content-layout":"default","site-content-style":"default","site-sidebar-style":"default","ast-global-header-display":"","ast-banner-title-visibility":"","ast-main-header-display":"","ast-hfb-above-header-display":"","ast-hfb-below-header-display":"","ast-hfb-mobile-header-display":"","site-post-title":"disabled","ast-breadcrumbs-content":"","ast-featured-img":"disabled","footer-sml-layout":"","ast-disable-related-posts":"","theme-transparent-header-meta":"","adv-header-id-meta":"","stick-header-meta":"","header-above-stick-meta":"","header-main-stick-meta":"","header-below-stick-meta":"","astra-migrate-meta-layouts":"default","ast-page-background-enabled":"default","ast-page-background-meta":{"desktop":{"background-color":"var(--ast-global-color-4)","background-image":"","background-repeat":"repeat","background-position":"center center","background-size":"auto","background-attachment":"scroll","background-type":"","background-media":"","overlay-type":"","overlay-color":"","overlay-opacity":"","overlay-gradient":""},"tablet":{"background-color":"","background-image":"","background-repeat":"repeat","background-position":"center center","background-size":"auto","background-attachment":"scroll","background-type":"","background-media":"","overlay-type":"","overlay-color":"","overlay-opacity":"","overlay-gradient":""},"mobile":{"background-color":"","background-image":"","background-repeat":"repeat","background-position":"center center","background-size":"auto","background-attachment":"scroll","background-type":"","background-media":"","overlay-type":"","overlay-color":"","overlay-opacity":"","overlay-gradient":""}},"ast-content-background-meta":{"desktop":{"background-color":"var(--ast-global-color-5)","background-image":"","background-repeat":"repeat","background-position":"center center","background-size":"auto","background-attachment":"scroll","background-type":"","background-media":"","overlay-type":"","overlay-color":"","overlay-opacity":"","overlay-gradient":""},"tablet":{"background-color":"var(--ast-global-color-5)","background-image":"","background-repeat":"repeat","background-position":"center center","background-size":"auto","background-attachment":"scroll","background-type":"","background-media":"","overlay-type":"","overlay-color":"","overlay-opacity":"","overlay-gradient":""},"mobile":{"background-color":"var(--ast-global-color-5)","background-image":"","background-repeat":"repeat","background-position":"center center","background-size":"auto","background-attachment":"scroll","background-type":"","background-media":"","overlay-type":"","overlay-color":"","overlay-opacity":"","overlay-gradient":""}},"footnotes":""},"class_list":["post-2034","page","type-page","status-publish","hentry"],"_links":{"self":[{"href":"https:\/\/removalagency.com\/no\/wp-json\/wp\/v2\/pages\/2034","targetHints":{"allow":["GET"]}}],"collection":[{"href":"https:\/\/removalagency.com\/no\/wp-json\/wp\/v2\/pages"}],"about":[{"href":"https:\/\/removalagency.com\/no\/wp-json\/wp\/v2\/types\/page"}],"author":[{"embeddable":true,"href":"https:\/\/removalagency.com\/no\/wp-json\/wp\/v2\/users\/1"}],"replies":[{"embeddable":true,"href":"https:\/\/removalagency.com\/no\/wp-json\/wp\/v2\/comments?post=2034"}],"version-history":[{"count":4,"href":"https:\/\/removalagency.com\/no\/wp-json\/wp\/v2\/pages\/2034\/revisions"}],"predecessor-version":[{"id":2401,"href":"https:\/\/removalagency.com\/no\/wp-json\/wp\/v2\/pages\/2034\/revisions\/2401"}],"wp:attachment":[{"href":"https:\/\/removalagency.com\/no\/wp-json\/wp\/v2\/media?parent=2034"}],"curies":[{"name":"wp","href":"https:\/\/api.w.org\/{rel}","templated":true}]}}