{"id":2016,"date":"2023-05-01T15:21:42","date_gmt":"2023-05-01T15:21:42","guid":{"rendered":"https:\/\/removalagency.com\/viden\/uoenskede-google-autoforslag\/"},"modified":"2023-05-04T14:15:57","modified_gmt":"2023-05-04T14:15:57","slug":"uoenskede-google-autoforslag","status":"publish","type":"page","link":"https:\/\/removalagency.com\/da\/viden\/uoenskede-google-autoforslag\/","title":{"rendered":"U\u00f8nskede Google autoforslag"},"content":{"rendered":"\t\t<div data-elementor-type=\"wp-page\" data-elementor-id=\"2016\" class=\"elementor elementor-2016 elementor-1889\">\n\t\t\t\t\t\t<section class=\"elementor-section elementor-top-section elementor-element elementor-element-84299bc elementor-section-boxed elementor-section-height-default elementor-section-height-default\" data-id=\"84299bc\" data-element_type=\"section\" data-e-type=\"section\" data-settings=\"{&quot;background_background&quot;:&quot;classic&quot;}\">\n\t\t\t\t\t\t<div class=\"elementor-container elementor-column-gap-no\">\n\t\t\t\t\t<div class=\"elementor-column elementor-col-100 elementor-top-column elementor-element elementor-element-11c04c41\" data-id=\"11c04c41\" data-element_type=\"column\" data-e-type=\"column\">\n\t\t\t<div class=\"elementor-widget-wrap elementor-element-populated\">\n\t\t\t\t\t\t<section class=\"elementor-section elementor-inner-section elementor-element elementor-element-28ae78a4 elementor-section-boxed elementor-section-height-default elementor-section-height-default\" data-id=\"28ae78a4\" data-element_type=\"section\" data-e-type=\"section\">\n\t\t\t\t\t\t<div class=\"elementor-container elementor-column-gap-no\">\n\t\t\t\t\t<div class=\"elementor-column elementor-col-50 elementor-inner-column elementor-element elementor-element-2cabb75c\" data-id=\"2cabb75c\" data-element_type=\"column\" data-e-type=\"column\">\n\t\t\t<div class=\"elementor-widget-wrap elementor-element-populated\">\n\t\t\t\t\t\t<div class=\"elementor-element elementor-element-11048ec7 elementor-widget elementor-widget-image\" data-id=\"11048ec7\" data-element_type=\"widget\" data-e-type=\"widget\" data-widget_type=\"image.default\">\n\t\t\t\t<div class=\"elementor-widget-container\">\n\t\t\t\t\t\t\t\t\t\t\t\t\t\t\t<img fetchpriority=\"high\" decoding=\"async\" width=\"600\" height=\"559\" src=\"https:\/\/removalagency.com\/wp-content\/uploads\/2023\/05\/google-autocomplete.jpg\" class=\"attachment-large size-large wp-image-1867\" alt=\"\" srcset=\"https:\/\/removalagency.com\/wp-content\/uploads\/2023\/05\/google-autocomplete.jpg 600w, https:\/\/removalagency.com\/wp-content\/uploads\/2023\/05\/google-autocomplete-300x280.jpg 300w\" sizes=\"(max-width: 600px) 100vw, 600px\" \/>\t\t\t\t\t\t\t\t\t\t\t\t\t\t\t<\/div>\n\t\t\t\t<\/div>\n\t\t\t\t\t<\/div>\n\t\t<\/div>\n\t\t\t\t<div class=\"elementor-column elementor-col-50 elementor-inner-column elementor-element elementor-element-74976b0f\" data-id=\"74976b0f\" data-element_type=\"column\" data-e-type=\"column\">\n\t\t\t<div class=\"elementor-widget-wrap elementor-element-populated\">\n\t\t\t\t\t\t<div class=\"elementor-element elementor-element-7b0e9504 elementor-widget elementor-widget-heading\" data-id=\"7b0e9504\" data-element_type=\"widget\" data-e-type=\"widget\" data-widget_type=\"heading.default\">\n\t\t\t\t<div class=\"elementor-widget-container\">\n\t\t\t\t\t<h1 class=\"elementor-heading-title elementor-size-default\">U\u00f8nskede Google autoforslag: S\u00e5dan h\u00e5ndterer du det<\/h1>\t\t\t\t<\/div>\n\t\t\t\t<\/div>\n\t\t\t\t<div class=\"elementor-element elementor-element-3274d7b5 elementor-widget elementor-widget-text-editor\" data-id=\"3274d7b5\" data-element_type=\"widget\" data-e-type=\"widget\" data-widget_type=\"text-editor.default\">\n\t\t\t\t<div class=\"elementor-widget-container\">\n\t\t\t\t\t\t\t\t\t<p>Google er verdens mest anvendte s\u00f8gemaskine og er ofte det f\u00f8rste sted, folk s\u00f8ger hen, n\u00e5r de skal finde viden om et bestemt emne, en person eller en virksomhed. En af de funktioner, som skal hj\u00e6lpe brugerne med en bedre s\u00f8geoplevelse p\u00e5 Google, er Google autoforslag, som fors\u00f8ger at fuldende din s\u00f8gning og kommer med yderligere s\u00f8geforslag samtidig. Det kan i mange tilf\u00e6lde v\u00e6re en god m\u00e5de at finde relevante oplysninger hurtigt, men nogle gange kan man opleve u\u00f8nskede eller direkte skadelige forslag. Det kan typisk ske, hvis man som person eller som virksomhed har f\u00e5et d\u00e5rlig omtale i medierne, og Google autoforslag forbinder dette.<\/p>\n\t\t\t\t\t\t\t\t<\/div>\n\t\t\t\t<\/div>\n\t\t\t\t<div class=\"elementor-element elementor-element-7051a191 elementor-widget elementor-widget-button\" data-id=\"7051a191\" data-element_type=\"widget\" data-e-type=\"widget\" data-widget_type=\"button.default\">\n\t\t\t\t<div class=\"elementor-widget-container\">\n\t\t\t\t\t\t\t\t\t<div class=\"elementor-button-wrapper\">\n\t\t\t\t\t<a class=\"elementor-button elementor-button-link elementor-size-md\" href=\"#cta\">\n\t\t\t\t\t\t<span class=\"elementor-button-content-wrapper\">\n\t\t\t\t\t\t\t\t\t<span class=\"elementor-button-text\">F\u00e5 et uforpligtende tilbud<\/span>\n\t\t\t\t\t<\/span>\n\t\t\t\t\t<\/a>\n\t\t\t\t<\/div>\n\t\t\t\t\t\t\t\t<\/div>\n\t\t\t\t<\/div>\n\t\t\t\t\t<\/div>\n\t\t<\/div>\n\t\t\t\t\t<\/div>\n\t\t<\/section>\n\t\t\t\t\t<\/div>\n\t\t<\/div>\n\t\t\t\t\t<\/div>\n\t\t<\/section>\n\t\t\t\t<section class=\"elementor-section elementor-top-section elementor-element elementor-element-110fc2c elementor-section-boxed elementor-section-height-default elementor-section-height-default\" data-id=\"110fc2c\" data-element_type=\"section\" data-e-type=\"section\" data-settings=\"{&quot;background_background&quot;:&quot;classic&quot;}\">\n\t\t\t\t\t\t<div class=\"elementor-container elementor-column-gap-no\">\n\t\t\t\t\t<div class=\"elementor-column elementor-col-100 elementor-top-column elementor-element elementor-element-1ad117e\" data-id=\"1ad117e\" data-element_type=\"column\" data-e-type=\"column\">\n\t\t\t<div class=\"elementor-widget-wrap elementor-element-populated\">\n\t\t\t\t\t\t<div class=\"elementor-element elementor-element-5d85d53b elementor-widget elementor-widget-text-editor\" data-id=\"5d85d53b\" data-element_type=\"widget\" data-e-type=\"widget\" data-widget_type=\"text-editor.default\">\n\t\t\t\t<div class=\"elementor-widget-container\">\n\t\t\t\t\t\t\t\t\t<p>Hvis man st\u00f8der p\u00e5 negative autoforslag kan det v\u00e6re skadeligt for b\u00e5de enkeltpersoner og virksomheders brand og p\u00e5virke mulighederne i fremtiden. Derfor er det vigtigt at tage h\u00e5nd om problemet.<\/p>\n<h2>Hvorn\u00e5r skal man have hj\u00e6lp til at slette autoforslag?<\/h2>\n<p>Hvis du opdager negative og skadelige s\u00f8geforslag, som kobler sig til dig eller din virksomhed, er det typisk n\u00f8dvendigt at f\u00e5 hj\u00e6lp fra et professionelt online reputation management bureau for at slette dem. Det kan nemlig skade en virksomhed eller en persons brand og p\u00e5virke b\u00e5de samarbejder, kunderelationer, \u00f8konomi, ans\u00e6ttelsesmuligheder og private relationer, n\u00e5r Google sammenkobler en person eller en virksomhed med d\u00e5rlig omtale.<\/p>\n<h2>Kan man g\u00f8re noget selv?<\/h2>\n<p>Det er muligt selv at rapportere upassende autoforslag direkte til Google. Du kan g\u00f8re det ved at skrive s\u00f8getermen i s\u00f8gefeltet. N\u00e5r drop down menuen \u00e5bner sig, kan du v\u00e6lge &#8220;Rapporter upassende forslag\u201d. Her har du mulighed for at angive, hvilke\/hvilket autoforslag der er upassende samt angive \u00e5rsag til det.<\/p>\n<p>Det er ogs\u00e5 muligt at rapportere indhold, der er i strid mod s\u00f8gemaskinens indholds- og produktpolitikker eller overtr\u00e6der juridiske standarder, kan man rapportere direkte til Google via <a href=\"https:\/\/support.google.com\/legal\/troubleshooter\/1114905?sjid=7990487269171491239-EU&amp;hl=en-GB#ts=9814647%2C9815053%2C3337372\">dette link<\/a>.<\/p>\n<p>Det er vigtigt at pointere, at selvom man rapporterer upassende autofroslag eller anmoder om fjernelse af ulovligt indhold, betyder det ikke n\u00f8dvendigvis, at indholdet bliver fjernet. Google vil nemlig foretage en individuel vurdering.<\/p>\n\t\t\t\t\t\t\t\t<\/div>\n\t\t\t\t<\/div>\n\t\t\t\t\t<\/div>\n\t\t<\/div>\n\t\t\t\t\t<\/div>\n\t\t<\/section>\n\t\t\t\t<section class=\"elementor-section elementor-top-section elementor-element elementor-element-7f12f15f elementor-section-content-middle elementor-section-boxed elementor-section-height-default elementor-section-height-default\" data-id=\"7f12f15f\" data-element_type=\"section\" data-e-type=\"section\" id=\"cta\" data-settings=\"{&quot;background_background&quot;:&quot;classic&quot;}\">\n\t\t\t\t\t\t\t<div class=\"elementor-background-overlay\"><\/div>\n\t\t\t\t\t\t\t<div class=\"elementor-container elementor-column-gap-no\">\n\t\t\t\t\t<div class=\"elementor-column elementor-col-100 elementor-top-column elementor-element elementor-element-4a867f42\" data-id=\"4a867f42\" data-element_type=\"column\" data-e-type=\"column\">\n\t\t\t<div class=\"elementor-widget-wrap elementor-element-populated\">\n\t\t\t\t\t\t<div class=\"elementor-element elementor-element-6c109c55 elementor-widget elementor-widget-heading\" data-id=\"6c109c55\" data-element_type=\"widget\" data-e-type=\"widget\" data-widget_type=\"heading.default\">\n\t\t\t\t<div class=\"elementor-widget-container\">\n\t\t\t\t\t<h3 class=\"elementor-heading-title elementor-size-default\">Udfyld formularen for at fjerne u\u00f8nskede Google autoforslag<\/h3>\t\t\t\t<\/div>\n\t\t\t\t<\/div>\n\t\t\t\t<div class=\"elementor-element elementor-element-4a066fd0 elementor-icon-list--layout-inline elementor-align-center elementor-list-item-link-full_width elementor-widget elementor-widget-icon-list\" data-id=\"4a066fd0\" data-element_type=\"widget\" data-e-type=\"widget\" data-widget_type=\"icon-list.default\">\n\t\t\t\t<div class=\"elementor-widget-container\">\n\t\t\t\t\t\t\t<ul class=\"elementor-icon-list-items elementor-inline-items\">\n\t\t\t\t\t\t\t<li class=\"elementor-icon-list-item elementor-inline-item\">\n\t\t\t\t\t\t\t\t\t\t\t<span class=\"elementor-icon-list-icon\">\n\t\t\t\t\t\t\t<i aria-hidden=\"true\" class=\"fas fa-check\"><\/i>\t\t\t\t\t\t<\/span>\n\t\t\t\t\t\t\t\t\t\t<span class=\"elementor-icon-list-text\">Personlig service p\u00e5 dansk eller engelsk<\/span>\n\t\t\t\t\t\t\t\t\t<\/li>\n\t\t\t\t\t\t\t\t<li class=\"elementor-icon-list-item elementor-inline-item\">\n\t\t\t\t\t\t\t\t\t\t\t<span class=\"elementor-icon-list-icon\">\n\t\t\t\t\t\t\t<i aria-hidden=\"true\" class=\"fas fa-check\"><\/i>\t\t\t\t\t\t<\/span>\n\t\t\t\t\t\t\t\t\t\t<span class=\"elementor-icon-list-text\">Dokumenteret track record<\/span>\n\t\t\t\t\t\t\t\t\t<\/li>\n\t\t\t\t\t\t\t\t<li class=\"elementor-icon-list-item elementor-inline-item\">\n\t\t\t\t\t\t\t\t\t\t\t<span class=\"elementor-icon-list-icon\">\n\t\t\t\t\t\t\t<i aria-hidden=\"true\" class=\"fas fa-check\"><\/i>\t\t\t\t\t\t<\/span>\n\t\t\t\t\t\t\t\t\t\t<span class=\"elementor-icon-list-text\">Fuld fortrolighed<\/span>\n\t\t\t\t\t\t\t\t\t<\/li>\n\t\t\t\t\t\t\t\t<li class=\"elementor-icon-list-item elementor-inline-item\">\n\t\t\t\t\t\t\t\t\t\t\t<span class=\"elementor-icon-list-icon\">\n\t\t\t\t\t\t\t<i aria-hidden=\"true\" class=\"fas fa-check\"><\/i>\t\t\t\t\t\t<\/span>\n\t\t\t\t\t\t\t\t\t\t<span class=\"elementor-icon-list-text\">Overkommelige priser<\/span>\n\t\t\t\t\t\t\t\t\t<\/li>\n\t\t\t\t\t\t<\/ul>\n\t\t\t\t\t\t<\/div>\n\t\t\t\t<\/div>\n\t\t\t\t<div class=\"elementor-element elementor-element-1bf9b671 elementor-widget elementor-widget-heading\" data-id=\"1bf9b671\" data-element_type=\"widget\" data-e-type=\"widget\" data-widget_type=\"heading.default\">\n\t\t\t\t<div class=\"elementor-widget-container\">\n\t\t\t\t\t<p class=\"elementor-heading-title elementor-size-default\">Udfyld vores kontaktformular og modtag et gratis tilbud inden for \u00e9n hverdag.\n<\/p>\t\t\t\t<\/div>\n\t\t\t\t<\/div>\n\t\t\t\t<div class=\"elementor-element elementor-element-37d95b84 elementor-widget elementor-widget-shortcode\" data-id=\"37d95b84\" data-element_type=\"widget\" data-e-type=\"widget\" data-widget_type=\"shortcode.default\">\n\t\t\t\t<div class=\"elementor-widget-container\">\n\t\t\t\t\t\t\t<div class=\"elementor-shortcode\"><div class=\"wpforms-container \" id=\"wpforms-1472\"><form id=\"wpforms-form-1472\" class=\"wpforms-validate wpforms-form wpforms-ajax-form\" data-formid=\"1472\" method=\"post\" enctype=\"multipart\/form-data\" action=\"\/da\/wp-json\/wp\/v2\/pages\/2016\" data-token=\"b4e59785bcb5a57472fe9d5313902ff1\" data-token-time=\"1776759573\"><noscript class=\"wpforms-error-noscript\">Please enable JavaScript in your browser to complete this form.<\/noscript><div class=\"wpforms-field-container\"><div id=\"wpforms-1472-field_0-container\" class=\"wpforms-field wpforms-field-name wpforms-one-third wpforms-first wpforms-mobile-full\" data-field-id=\"0\"><label class=\"wpforms-field-label wpforms-label-hide\" for=\"wpforms-1472-field_0\">Navn <span class=\"wpforms-required-label\">*<\/span><\/label><input type=\"text\" id=\"wpforms-1472-field_0\" class=\"wpforms-field-large wpforms-field-required\" name=\"wpforms[fields][0]\" placeholder=\"Dit fulde navn*\" required><\/div><div id=\"wpforms-1472-field_5-container\" class=\"wpforms-field wpforms-field-text wpforms-one-third wpforms-mobile-full\" data-field-id=\"5\"><label class=\"wpforms-field-label wpforms-label-hide\" for=\"wpforms-1472-field_5\">Single Line Text<\/label><input type=\"text\" id=\"wpforms-1472-field_5\" class=\"wpforms-field-large\" name=\"wpforms[fields][5]\" placeholder=\"Virksomhedsnavn\" ><\/div><div id=\"wpforms-1472-field_3-container\" class=\"wpforms-field wpforms-field-number wpforms-one-third wpforms-mobile-full\" data-field-id=\"3\"><label class=\"wpforms-field-label wpforms-label-hide\" for=\"wpforms-1472-field_3\">Numbers <span class=\"wpforms-required-label\">*<\/span><\/label><input type=\"number\" id=\"wpforms-1472-field_3\" class=\"wpforms-field-large wpforms-field-required\" name=\"wpforms[fields][3]\" placeholder=\"Telefonnummer*\" step=\"any\" required><\/div><div id=\"wpforms-1472-field_1-container\" class=\"wpforms-field wpforms-field-email wpforms-mobile-full wpforms-one-third wpforms-first\" data-field-id=\"1\"><label class=\"wpforms-field-label wpforms-label-hide\" for=\"wpforms-1472-field_1\">Email <span class=\"wpforms-required-label\">*<\/span><\/label><input type=\"email\" id=\"wpforms-1472-field_1\" class=\"wpforms-field-large wpforms-field-required\" name=\"wpforms[fields][1]\" placeholder=\"E-mailadresse*\" spellcheck=\"false\" required><\/div><div id=\"wpforms-1472-field_4-container\" class=\"wpforms-field wpforms-field-text wpforms-one-third wpforms-mobile-full\" data-field-id=\"4\"><label class=\"wpforms-field-label wpforms-label-hide\" for=\"wpforms-1472-field_4\">describe <span class=\"wpforms-required-label\">*<\/span><\/label><input type=\"text\" id=\"wpforms-1472-field_4\" class=\"wpforms-field-large wpforms-field-required\" name=\"wpforms[fields][4]\" placeholder=\"Beskriv de \u00f8nskede s\u00f8geforslag * (adskilles med komma) *\" required><\/div><\/div><!-- .wpforms-field-container --><div class=\"wpforms-submit-container\" ><input type=\"hidden\" name=\"wpforms[id]\" value=\"1472\"><input type=\"hidden\" name=\"page_title\" value=\"\"><input type=\"hidden\" name=\"page_url\" value=\"https:\/\/removalagency.com\/da\/wp-json\/wp\/v2\/pages\/2016\"><input type=\"hidden\" name=\"url_referer\" value=\"\"><button type=\"submit\" name=\"wpforms[submit]\" id=\"wpforms-submit-1472\" class=\"wpforms-submit wpforms-one-third wpforms-mobile-full\" data-alt-text=\"Sender...\" data-submit-text=\"F\u00e5 et uforpligtende tilbud\" aria-live=\"assertive\" value=\"wpforms-submit\">F\u00e5 et uforpligtende tilbud<\/button><img decoding=\"async\" src=\"https:\/\/removalagency.com\/wp-content\/plugins\/wpforms-lite\/assets\/images\/submit-spin.svg\" class=\"wpforms-submit-spinner\" style=\"display: none;\" width=\"26\" height=\"26\" alt=\"Loading\"><\/div><\/form><\/div>  <!-- .wpforms-container --><\/div>\n\t\t\t\t\t\t<\/div>\n\t\t\t\t<\/div>\n\t\t\t\t\t<\/div>\n\t\t<\/div>\n\t\t\t\t\t<\/div>\n\t\t<\/section>\n\t\t\t\t<\/div>\n\t\t","protected":false},"excerpt":{"rendered":"<p>U\u00f8nskede Google autoforslag: S\u00e5dan h\u00e5ndterer du det Google er verdens mest anvendte s\u00f8gemaskine og er ofte det f\u00f8rste sted, folk s\u00f8ger hen, n\u00e5r de skal finde viden om et bestemt emne, en person eller en virksomhed. En af de funktioner, som skal hj\u00e6lpe brugerne med en bedre s\u00f8geoplevelse p\u00e5 Google, er Google autoforslag, som fors\u00f8ger [&hellip;]<\/p>\n","protected":false},"author":1,"featured_media":0,"parent":2006,"menu_order":0,"comment_status":"closed","ping_status":"closed","template":"","meta":{"site-sidebar-layout":"no-sidebar","site-content-layout":"page-builder","ast-site-content-layout":"default","site-content-style":"default","site-sidebar-style":"default","ast-global-header-display":"","ast-banner-title-visibility":"","ast-main-header-display":"","ast-hfb-above-header-display":"","ast-hfb-below-header-display":"","ast-hfb-mobile-header-display":"","site-post-title":"disabled","ast-breadcrumbs-content":"","ast-featured-img":"disabled","footer-sml-layout":"","ast-disable-related-posts":"","theme-transparent-header-meta":"","adv-header-id-meta":"","stick-header-meta":"","header-above-stick-meta":"","header-main-stick-meta":"","header-below-stick-meta":"","astra-migrate-meta-layouts":"default","ast-page-background-enabled":"default","ast-page-background-meta":{"desktop":{"background-color":"var(--ast-global-color-4)","background-image":"","background-repeat":"repeat","background-position":"center center","background-size":"auto","background-attachment":"scroll","background-type":"","background-media":"","overlay-type":"","overlay-color":"","overlay-opacity":"","overlay-gradient":""},"tablet":{"background-color":"","background-image":"","background-repeat":"repeat","background-position":"center center","background-size":"auto","background-attachment":"scroll","background-type":"","background-media":"","overlay-type":"","overlay-color":"","overlay-opacity":"","overlay-gradient":""},"mobile":{"background-color":"","background-image":"","background-repeat":"repeat","background-position":"center center","background-size":"auto","background-attachment":"scroll","background-type":"","background-media":"","overlay-type":"","overlay-color":"","overlay-opacity":"","overlay-gradient":""}},"ast-content-background-meta":{"desktop":{"background-color":"var(--ast-global-color-5)","background-image":"","background-repeat":"repeat","background-position":"center center","background-size":"auto","background-attachment":"scroll","background-type":"","background-media":"","overlay-type":"","overlay-color":"","overlay-opacity":"","overlay-gradient":""},"tablet":{"background-color":"var(--ast-global-color-5)","background-image":"","background-repeat":"repeat","background-position":"center center","background-size":"auto","background-attachment":"scroll","background-type":"","background-media":"","overlay-type":"","overlay-color":"","overlay-opacity":"","overlay-gradient":""},"mobile":{"background-color":"var(--ast-global-color-5)","background-image":"","background-repeat":"repeat","background-position":"center center","background-size":"auto","background-attachment":"scroll","background-type":"","background-media":"","overlay-type":"","overlay-color":"","overlay-opacity":"","overlay-gradient":""}},"footnotes":""},"class_list":["post-2016","page","type-page","status-publish","hentry"],"_links":{"self":[{"href":"https:\/\/removalagency.com\/da\/wp-json\/wp\/v2\/pages\/2016","targetHints":{"allow":["GET"]}}],"collection":[{"href":"https:\/\/removalagency.com\/da\/wp-json\/wp\/v2\/pages"}],"about":[{"href":"https:\/\/removalagency.com\/da\/wp-json\/wp\/v2\/types\/page"}],"author":[{"embeddable":true,"href":"https:\/\/removalagency.com\/da\/wp-json\/wp\/v2\/users\/1"}],"replies":[{"embeddable":true,"href":"https:\/\/removalagency.com\/da\/wp-json\/wp\/v2\/comments?post=2016"}],"version-history":[{"count":4,"href":"https:\/\/removalagency.com\/da\/wp-json\/wp\/v2\/pages\/2016\/revisions"}],"predecessor-version":[{"id":2192,"href":"https:\/\/removalagency.com\/da\/wp-json\/wp\/v2\/pages\/2016\/revisions\/2192"}],"up":[{"embeddable":true,"href":"https:\/\/removalagency.com\/da\/wp-json\/wp\/v2\/pages\/2006"}],"wp:attachment":[{"href":"https:\/\/removalagency.com\/da\/wp-json\/wp\/v2\/media?parent=2016"}],"curies":[{"name":"wp","href":"https:\/\/api.w.org\/{rel}","templated":true}]}}